{"id":9308,"date":"2016-01-12T22:20:53","date_gmt":"2016-01-12T20:20:53","guid":{"rendered":"https:\/\/szemtanu.com\/en\/?page_id=9308"},"modified":"2016-01-18T12:36:38","modified_gmt":"2016-01-18T10:36:38","slug":"zoltan-szabo","status":"publish","type":"page","link":"https:\/\/szemtanu.com\/en\/zoltan-szabo\/","title":{"rendered":"About"},"content":{"rendered":"","protected":false},"excerpt":{"rendered":"","protected":false},"author":5,"featured_media":0,"parent":0,"menu_order":0,"comment_status":"open","ping_status":"closed","template":"","meta":{"footnotes":""},"categories":[],"tags":[],"class_list":["post-9308","page","type-page","status-publish","hentry"],"yoast_head":"<!-- This site is optimized with the Yoast SEO plugin v27.4 - https:\/\/yoast.com\/product\/yoast-seo-wordpress\/ -->\n<title>About - Fine Art esk\u00fcv\u0151i fot\u00f3z\u00e1s \u2013 Szab\u00f3 Zolt\u00e1n szemtan\u00fa<\/title>\n<meta name=\"description\" content=\"Zoltan Szabo fine art wedding photographer\" \/>\n<meta name=\"robots\" content=\"index, follow, max-snippet:-1, max-image-preview:large, max-video-preview:-1\" \/>\n<link rel=\"canonical\" href=\"https:\/\/szemtanu.com\/en\/zoltan-szabo\/\" \/>\n<meta property=\"og:locale\" content=\"en_US\" \/>\n<meta property=\"og:type\" content=\"article\" \/>\n<meta property=\"og:title\" content=\"About - Fine Art esk\u00fcv\u0151i fot\u00f3z\u00e1s \u2013 Szab\u00f3 Zolt\u00e1n szemtan\u00fa\" \/>\n<meta property=\"og:description\" content=\"Zoltan Szabo fine art wedding photographer\" \/>\n<meta property=\"og:url\" content=\"https:\/\/szemtanu.com\/en\/zoltan-szabo\/\" \/>\n<meta property=\"og:site_name\" content=\"Fine Art esk\u00fcv\u0151i fot\u00f3z\u00e1s \u2013 Szab\u00f3 Zolt\u00e1n szemtan\u00fa\" \/>\n<meta property=\"article:modified_time\" content=\"2016-01-18T10:36:38+00:00\" \/>\n<script type=\"application\/ld+json\" class=\"yoast-schema-graph\">{\"@context\":\"https:\\\/\\\/schema.org\",\"@graph\":[{\"@type\":\"WebPage\",\"@id\":\"https:\\\/\\\/szemtanu.com\\\/en\\\/zoltan-szabo\\\/\",\"url\":\"https:\\\/\\\/szemtanu.com\\\/en\\\/zoltan-szabo\\\/\",\"name\":\"About - Fine Art esk\u00fcv\u0151i fot\u00f3z\u00e1s \u2013 Szab\u00f3 Zolt\u00e1n szemtan\u00fa\",\"isPartOf\":{\"@id\":\"https:\\\/\\\/szemtanu.com\\\/en\\\/#website\"},\"datePublished\":\"2016-01-12T20:20:53+00:00\",\"dateModified\":\"2016-01-18T10:36:38+00:00\",\"description\":\"Zoltan Szabo fine art wedding photographer\",\"breadcrumb\":{\"@id\":\"https:\\\/\\\/szemtanu.com\\\/en\\\/zoltan-szabo\\\/#breadcrumb\"},\"inLanguage\":\"en-US\",\"potentialAction\":[{\"@type\":\"ReadAction\",\"target\":[\"https:\\\/\\\/szemtanu.com\\\/en\\\/zoltan-szabo\\\/\"]}]},{\"@type\":\"BreadcrumbList\",\"@id\":\"https:\\\/\\\/szemtanu.com\\\/en\\\/zoltan-szabo\\\/#breadcrumb\",\"itemListElement\":[{\"@type\":\"ListItem\",\"position\":1,\"name\":\"Kezd\u0151lap\",\"item\":\"https:\\\/\\\/szemtanu.com\\\/en\\\/test-home\\\/\"},{\"@type\":\"ListItem\",\"position\":2,\"name\":\"About\"}]},{\"@type\":\"WebSite\",\"@id\":\"https:\\\/\\\/szemtanu.com\\\/en\\\/#website\",\"url\":\"https:\\\/\\\/szemtanu.com\\\/en\\\/\",\"name\":\"Fine Art esk\u00fcv\u0151i fot\u00f3z\u00e1s \u2013 Szab\u00f3 Zolt\u00e1n szemtan\u00fa\",\"description\":\"Pr\u00e9mium esk\u00fcv\u0151 fot\u00f3k d\u00edjnyertes esk\u00fcv\u0151i fot\u00f3st\u00f3l. Premium Fine Art Wedding Photography\",\"publisher\":{\"@id\":\"https:\\\/\\\/szemtanu.com\\\/en\\\/#\\\/schema\\\/person\\\/95a6aa0b2dfc7d60bd445135bd71f3bf\"},\"potentialAction\":[{\"@type\":\"SearchAction\",\"target\":{\"@type\":\"EntryPoint\",\"urlTemplate\":\"https:\\\/\\\/szemtanu.com\\\/en\\\/?s={search_term_string}\"},\"query-input\":{\"@type\":\"PropertyValueSpecification\",\"valueRequired\":true,\"valueName\":\"search_term_string\"}}],\"inLanguage\":\"en-US\"},{\"@type\":[\"Person\",\"Organization\"],\"@id\":\"https:\\\/\\\/szemtanu.com\\\/en\\\/#\\\/schema\\\/person\\\/95a6aa0b2dfc7d60bd445135bd71f3bf\",\"name\":\"Szab\u00f3 Zolt\u00e1n\",\"image\":{\"@type\":\"ImageObject\",\"inLanguage\":\"en-US\",\"@id\":\"https:\\\/\\\/secure.gravatar.com\\\/avatar\\\/00701ebf8226addf5e53f971815aaed48e033b305526a3e7e8d91a2e553141ca?s=96&d=mm&r=g\",\"url\":\"https:\\\/\\\/secure.gravatar.com\\\/avatar\\\/00701ebf8226addf5e53f971815aaed48e033b305526a3e7e8d91a2e553141ca?s=96&d=mm&r=g\",\"contentUrl\":\"https:\\\/\\\/secure.gravatar.com\\\/avatar\\\/00701ebf8226addf5e53f971815aaed48e033b305526a3e7e8d91a2e553141ca?s=96&d=mm&r=g\",\"caption\":\"Szab\u00f3 Zolt\u00e1n\"},\"logo\":{\"@id\":\"https:\\\/\\\/secure.gravatar.com\\\/avatar\\\/00701ebf8226addf5e53f971815aaed48e033b305526a3e7e8d91a2e553141ca?s=96&d=mm&r=g\"}}]}<\/script>\n<!-- \/ Yoast SEO plugin. -->","yoast_head_json":{"title":"About - Fine Art esk\u00fcv\u0151i fot\u00f3z\u00e1s \u2013 Szab\u00f3 Zolt\u00e1n szemtan\u00fa","description":"Zoltan Szabo fine art wedding photographer","robots":{"index":"index","follow":"follow","max-snippet":"max-snippet:-1","max-image-preview":"max-image-preview:large","max-video-preview":"max-video-preview:-1"},"canonical":"https:\/\/szemtanu.com\/en\/zoltan-szabo\/","og_locale":"en_US","og_type":"article","og_title":"About - Fine Art esk\u00fcv\u0151i fot\u00f3z\u00e1s \u2013 Szab\u00f3 Zolt\u00e1n szemtan\u00fa","og_description":"Zoltan Szabo fine art wedding photographer","og_url":"https:\/\/szemtanu.com\/en\/zoltan-szabo\/","og_site_name":"Fine Art esk\u00fcv\u0151i fot\u00f3z\u00e1s \u2013 Szab\u00f3 Zolt\u00e1n szemtan\u00fa","article_modified_time":"2016-01-18T10:36:38+00:00","schema":{"@context":"https:\/\/schema.org","@graph":[{"@type":"WebPage","@id":"https:\/\/szemtanu.com\/en\/zoltan-szabo\/","url":"https:\/\/szemtanu.com\/en\/zoltan-szabo\/","name":"About - Fine Art esk\u00fcv\u0151i fot\u00f3z\u00e1s \u2013 Szab\u00f3 Zolt\u00e1n szemtan\u00fa","isPartOf":{"@id":"https:\/\/szemtanu.com\/en\/#website"},"datePublished":"2016-01-12T20:20:53+00:00","dateModified":"2016-01-18T10:36:38+00:00","description":"Zoltan Szabo fine art wedding photographer","breadcrumb":{"@id":"https:\/\/szemtanu.com\/en\/zoltan-szabo\/#breadcrumb"},"inLanguage":"en-US","potentialAction":[{"@type":"ReadAction","target":["https:\/\/szemtanu.com\/en\/zoltan-szabo\/"]}]},{"@type":"BreadcrumbList","@id":"https:\/\/szemtanu.com\/en\/zoltan-szabo\/#breadcrumb","itemListElement":[{"@type":"ListItem","position":1,"name":"Kezd\u0151lap","item":"https:\/\/szemtanu.com\/en\/test-home\/"},{"@type":"ListItem","position":2,"name":"About"}]},{"@type":"WebSite","@id":"https:\/\/szemtanu.com\/en\/#website","url":"https:\/\/szemtanu.com\/en\/","name":"Fine Art esk\u00fcv\u0151i fot\u00f3z\u00e1s \u2013 Szab\u00f3 Zolt\u00e1n szemtan\u00fa","description":"Pr\u00e9mium esk\u00fcv\u0151 fot\u00f3k d\u00edjnyertes esk\u00fcv\u0151i fot\u00f3st\u00f3l. Premium Fine Art Wedding Photography","publisher":{"@id":"https:\/\/szemtanu.com\/en\/#\/schema\/person\/95a6aa0b2dfc7d60bd445135bd71f3bf"},"potentialAction":[{"@type":"SearchAction","target":{"@type":"EntryPoint","urlTemplate":"https:\/\/szemtanu.com\/en\/?s={search_term_string}"},"query-input":{"@type":"PropertyValueSpecification","valueRequired":true,"valueName":"search_term_string"}}],"inLanguage":"en-US"},{"@type":["Person","Organization"],"@id":"https:\/\/szemtanu.com\/en\/#\/schema\/person\/95a6aa0b2dfc7d60bd445135bd71f3bf","name":"Szab\u00f3 Zolt\u00e1n","image":{"@type":"ImageObject","inLanguage":"en-US","@id":"https:\/\/secure.gravatar.com\/avatar\/00701ebf8226addf5e53f971815aaed48e033b305526a3e7e8d91a2e553141ca?s=96&d=mm&r=g","url":"https:\/\/secure.gravatar.com\/avatar\/00701ebf8226addf5e53f971815aaed48e033b305526a3e7e8d91a2e553141ca?s=96&d=mm&r=g","contentUrl":"https:\/\/secure.gravatar.com\/avatar\/00701ebf8226addf5e53f971815aaed48e033b305526a3e7e8d91a2e553141ca?s=96&d=mm&r=g","caption":"Szab\u00f3 Zolt\u00e1n"},"logo":{"@id":"https:\/\/secure.gravatar.com\/avatar\/00701ebf8226addf5e53f971815aaed48e033b305526a3e7e8d91a2e553141ca?s=96&d=mm&r=g"}}]}},"_links":{"self":[{"href":"https:\/\/szemtanu.com\/en\/wp-json\/wp\/v2\/pages\/9308","targetHints":{"allow":["GET"]}}],"collection":[{"href":"https:\/\/szemtanu.com\/en\/wp-json\/wp\/v2\/pages"}],"about":[{"href":"https:\/\/szemtanu.com\/en\/wp-json\/wp\/v2\/types\/page"}],"author":[{"embeddable":true,"href":"https:\/\/szemtanu.com\/en\/wp-json\/wp\/v2\/users\/5"}],"replies":[{"embeddable":true,"href":"https:\/\/szemtanu.com\/en\/wp-json\/wp\/v2\/comments?post=9308"}],"version-history":[{"count":3,"href":"https:\/\/szemtanu.com\/en\/wp-json\/wp\/v2\/pages\/9308\/revisions"}],"predecessor-version":[{"id":10711,"href":"https:\/\/szemtanu.com\/en\/wp-json\/wp\/v2\/pages\/9308\/revisions\/10711"}],"wp:attachment":[{"href":"https:\/\/szemtanu.com\/en\/wp-json\/wp\/v2\/media?parent=9308"}],"wp:term":[{"taxonomy":"category","embeddable":true,"href":"https:\/\/szemtanu.com\/en\/wp-json\/wp\/v2\/categories?post=9308"},{"taxonomy":"post_tag","embeddable":true,"href":"https:\/\/szemtanu.com\/en\/wp-json\/wp\/v2\/tags?post=9308"}],"curies":[{"name":"wp","href":"https:\/\/api.w.org\/{rel}","templated":true}]}}