{"id":9306,"date":"2016-01-04T20:14:40","date_gmt":"2016-01-04T18:14:40","guid":{"rendered":"https:\/\/szemtanu.com\/en\/?page_id=9306"},"modified":"2016-01-29T12:29:14","modified_gmt":"2016-01-29T10:29:14","slug":"persia-iran","status":"publish","type":"page","link":"https:\/\/szemtanu.com\/en\/photo-workshop\/persia-iran\/","title":{"rendered":"PERSIA"},"content":{"rendered":"\n<style type=\"text\/css\" data-created_by=\"avia_inline_auto\" id=\"style-css-av-av_heading-b7f14778da6ede24c3139d2f7bb14a66\">\n#top .av-special-heading.av-av_heading-b7f14778da6ede24c3139d2f7bb14a66{\npadding-bottom:10px;\n}\nbody .av-special-heading.av-av_heading-b7f14778da6ede24c3139d2f7bb14a66 .av-special-heading-tag .heading-char{\nfont-size:25px;\n}\n.av-special-heading.av-av_heading-b7f14778da6ede24c3139d2f7bb14a66 .av-subheading{\nfont-size:15px;\n}\n<\/style>\n<div  class='av-special-heading av-av_heading-b7f14778da6ede24c3139d2f7bb14a66 av-special-heading-h5  avia-builder-el-0  el_before_av_one_half  avia-builder-el-first '><h5 class='av-special-heading-tag '  >Photo workshop in PERSIA<\/h5><div class=\"special-heading-border\"><div class=\"special-heading-inner-border\"><\/div><\/div><\/div>\n\n<style type=\"text\/css\" data-created_by=\"avia_inline_auto\" id=\"style-css-av-av_one_half-352b07ef7d3bc99b2e9f92e7a9e06bdb\">\n.flex_column.av-av_one_half-352b07ef7d3bc99b2e9f92e7a9e06bdb{\nborder-radius:0px 0px 0px 0px;\npadding:0px 0px 0px 0px;\n}\n<\/style>\n<div  class='flex_column av-av_one_half-352b07ef7d3bc99b2e9f92e7a9e06bdb av_one_half  avia-builder-el-1  el_after_av_heading  el_before_av_one_half  first flex_column_div av-zero-column-padding  '     ><section  class='av_textblock_section av-av_textblock-0366cc7376be6c9e82a3e9cc8987b64f '  ><div class='avia_textblock' ><p>We discover the ancient Persepolis in amazing Persia, where we can wander about in Xerxes\u2019 shadows, experience the \u201chalf the world\u201d in Isfahan, first hand as well as the epitome of Islamic architecture, blue tiled mosques, backtrack the Zagros nomadic tribes, climb mountainous sand dunes in the desert, spend a night in a caravanserai, take a glimpse of life at the archaic yet vibrant Silk Road bazaar, sip tea and share a hookah with the locals whom, contrary to popular belief, are the kindest folk. <a href=\"http:\/\/kincseskamera.hu\/galeria\/perzsia-fototura\/perzsia-fototura-sajat-kepek\/\" target=\"_blank\">More photos<\/a> and <a href=\"http:\/\/kincseskamera.hu\/fototura\/perzsia\/\" target=\"_blank\">details of the workshop<\/a>.<\/p>\n<\/div><\/section><\/div>\n<style type=\"text\/css\" data-created_by=\"avia_inline_auto\" id=\"style-css-av-av_one_half-2a64de42b738552fe666ca889af77e28\">\n.flex_column.av-av_one_half-2a64de42b738552fe666ca889af77e28{\nborder-radius:0px 0px 0px 0px;\npadding:0px 0px 0px 0px;\n}\n<\/style>\n<div  class='flex_column av-av_one_half-2a64de42b738552fe666ca889af77e28 av_one_half  avia-builder-el-3  el_after_av_one_half  el_before_av_masonry_gallery  avia-builder-el-last  flex_column_div av-zero-column-padding  '     ><section  class='av_textblock_section av-av_textblock-0366cc7376be6c9e82a3e9cc8987b64f '  ><div class='avia_textblock' ><p>My friend, Bal\u00e1zs Juh\u00e1sz and I founded <a href=\"http:\/\/kincseskamera.hu\/\" target=\"_blank\">Kincseskamera<\/a> in 2010 to assist you on your journey. Our sole aim was to open the door to some of our favourite cultures to others in the form of an on the road photography workshop while simultaneously sharing our experience and knowledge with you.<\/p>\n<\/div><\/section><\/div><\/p>\n\n","protected":false},"excerpt":{"rendered":"","protected":false},"author":5,"featured_media":0,"parent":9296,"menu_order":0,"comment_status":"open","ping_status":"closed","template":"","meta":{"footnotes":""},"categories":[40],"tags":[],"class_list":["post-9306","page","type-page","status-publish","hentry","category-photo-workshop"],"yoast_head":"<!-- This site is optimized with the Yoast SEO plugin v27.3 - https:\/\/yoast.com\/product\/yoast-seo-wordpress\/ -->\n<title>PERSIA - Fine Art esk\u00fcv\u0151i fot\u00f3z\u00e1s \u2013 Szab\u00f3 Zolt\u00e1n szemtan\u00fa<\/title>\n<meta name=\"robots\" content=\"index, follow, max-snippet:-1, max-image-preview:large, max-video-preview:-1\" \/>\n<link rel=\"canonical\" href=\"https:\/\/szemtanu.com\/en\/photo-workshop\/persia-iran\/\" \/>\n<meta property=\"og:locale\" content=\"en_US\" \/>\n<meta property=\"og:type\" content=\"article\" \/>\n<meta property=\"og:title\" content=\"PERSIA - Fine Art esk\u00fcv\u0151i fot\u00f3z\u00e1s \u2013 Szab\u00f3 Zolt\u00e1n szemtan\u00fa\" \/>\n<meta property=\"og:url\" content=\"https:\/\/szemtanu.com\/en\/photo-workshop\/persia-iran\/\" \/>\n<meta property=\"og:site_name\" content=\"Fine Art esk\u00fcv\u0151i fot\u00f3z\u00e1s \u2013 Szab\u00f3 Zolt\u00e1n szemtan\u00fa\" \/>\n<meta property=\"article:modified_time\" content=\"2016-01-29T10:29:14+00:00\" \/>\n<meta property=\"og:image\" content=\"https:\/\/szemtanu.com\/wp-content\/uploads\/2016\/01\/perzsia_portfoliogrid.jpg\" \/>\n\t<meta property=\"og:image:width\" content=\"500\" \/>\n\t<meta property=\"og:image:height\" content=\"333\" \/>\n\t<meta property=\"og:image:type\" content=\"image\/jpeg\" \/>\n<meta name=\"twitter:label1\" content=\"Est. reading time\" \/>\n\t<meta name=\"twitter:data1\" content=\"2 minutes\" \/>\n<script type=\"application\/ld+json\" class=\"yoast-schema-graph\">{\"@context\":\"https:\\\/\\\/schema.org\",\"@graph\":[{\"@type\":\"WebPage\",\"@id\":\"https:\\\/\\\/szemtanu.com\\\/en\\\/photo-workshop\\\/persia-iran\\\/\",\"url\":\"https:\\\/\\\/szemtanu.com\\\/en\\\/photo-workshop\\\/persia-iran\\\/\",\"name\":\"PERSIA - Fine Art esk\u00fcv\u0151i fot\u00f3z\u00e1s \u2013 Szab\u00f3 Zolt\u00e1n szemtan\u00fa\",\"isPartOf\":{\"@id\":\"https:\\\/\\\/szemtanu.com\\\/en\\\/#website\"},\"datePublished\":\"2016-01-04T18:14:40+00:00\",\"dateModified\":\"2016-01-29T10:29:14+00:00\",\"breadcrumb\":{\"@id\":\"https:\\\/\\\/szemtanu.com\\\/en\\\/photo-workshop\\\/persia-iran\\\/#breadcrumb\"},\"inLanguage\":\"en-US\",\"potentialAction\":[{\"@type\":\"ReadAction\",\"target\":[\"https:\\\/\\\/szemtanu.com\\\/en\\\/photo-workshop\\\/persia-iran\\\/\"]}]},{\"@type\":\"BreadcrumbList\",\"@id\":\"https:\\\/\\\/szemtanu.com\\\/en\\\/photo-workshop\\\/persia-iran\\\/#breadcrumb\",\"itemListElement\":[{\"@type\":\"ListItem\",\"position\":1,\"name\":\"Kezd\u0151lap\",\"item\":\"https:\\\/\\\/szemtanu.com\\\/en\\\/test-home\\\/\"},{\"@type\":\"ListItem\",\"position\":2,\"name\":\"Photo workshop\",\"item\":\"https:\\\/\\\/szemtanu.com\\\/en\\\/photo-workshop\\\/\"},{\"@type\":\"ListItem\",\"position\":3,\"name\":\"PERSIA\"}]},{\"@type\":\"WebSite\",\"@id\":\"https:\\\/\\\/szemtanu.com\\\/en\\\/#website\",\"url\":\"https:\\\/\\\/szemtanu.com\\\/en\\\/\",\"name\":\"Fine Art esk\u00fcv\u0151i fot\u00f3z\u00e1s \u2013 Szab\u00f3 Zolt\u00e1n szemtan\u00fa\",\"description\":\"Pr\u00e9mium esk\u00fcv\u0151 fot\u00f3k d\u00edjnyertes esk\u00fcv\u0151i fot\u00f3st\u00f3l. Premium Fine Art Wedding Photography\",\"publisher\":{\"@id\":\"https:\\\/\\\/szemtanu.com\\\/en\\\/#\\\/schema\\\/person\\\/95a6aa0b2dfc7d60bd445135bd71f3bf\"},\"potentialAction\":[{\"@type\":\"SearchAction\",\"target\":{\"@type\":\"EntryPoint\",\"urlTemplate\":\"https:\\\/\\\/szemtanu.com\\\/en\\\/?s={search_term_string}\"},\"query-input\":{\"@type\":\"PropertyValueSpecification\",\"valueRequired\":true,\"valueName\":\"search_term_string\"}}],\"inLanguage\":\"en-US\"},{\"@type\":[\"Person\",\"Organization\"],\"@id\":\"https:\\\/\\\/szemtanu.com\\\/en\\\/#\\\/schema\\\/person\\\/95a6aa0b2dfc7d60bd445135bd71f3bf\",\"name\":\"Szab\u00f3 Zolt\u00e1n\",\"image\":{\"@type\":\"ImageObject\",\"inLanguage\":\"en-US\",\"@id\":\"https:\\\/\\\/secure.gravatar.com\\\/avatar\\\/00701ebf8226addf5e53f971815aaed48e033b305526a3e7e8d91a2e553141ca?s=96&d=mm&r=g\",\"url\":\"https:\\\/\\\/secure.gravatar.com\\\/avatar\\\/00701ebf8226addf5e53f971815aaed48e033b305526a3e7e8d91a2e553141ca?s=96&d=mm&r=g\",\"contentUrl\":\"https:\\\/\\\/secure.gravatar.com\\\/avatar\\\/00701ebf8226addf5e53f971815aaed48e033b305526a3e7e8d91a2e553141ca?s=96&d=mm&r=g\",\"caption\":\"Szab\u00f3 Zolt\u00e1n\"},\"logo\":{\"@id\":\"https:\\\/\\\/secure.gravatar.com\\\/avatar\\\/00701ebf8226addf5e53f971815aaed48e033b305526a3e7e8d91a2e553141ca?s=96&d=mm&r=g\"}}]}<\/script>\n<!-- \/ Yoast SEO plugin. -->","yoast_head_json":{"title":"PERSIA - Fine Art esk\u00fcv\u0151i fot\u00f3z\u00e1s \u2013 Szab\u00f3 Zolt\u00e1n szemtan\u00fa","robots":{"index":"index","follow":"follow","max-snippet":"max-snippet:-1","max-image-preview":"max-image-preview:large","max-video-preview":"max-video-preview:-1"},"canonical":"https:\/\/szemtanu.com\/en\/photo-workshop\/persia-iran\/","og_locale":"en_US","og_type":"article","og_title":"PERSIA - Fine Art esk\u00fcv\u0151i fot\u00f3z\u00e1s \u2013 Szab\u00f3 Zolt\u00e1n szemtan\u00fa","og_url":"https:\/\/szemtanu.com\/en\/photo-workshop\/persia-iran\/","og_site_name":"Fine Art esk\u00fcv\u0151i fot\u00f3z\u00e1s \u2013 Szab\u00f3 Zolt\u00e1n szemtan\u00fa","article_modified_time":"2016-01-29T10:29:14+00:00","og_image":[{"width":500,"height":333,"url":"https:\/\/szemtanu.com\/wp-content\/uploads\/2016\/01\/perzsia_portfoliogrid.jpg","type":"image\/jpeg"}],"twitter_misc":{"Est. reading time":"2 minutes"},"schema":{"@context":"https:\/\/schema.org","@graph":[{"@type":"WebPage","@id":"https:\/\/szemtanu.com\/en\/photo-workshop\/persia-iran\/","url":"https:\/\/szemtanu.com\/en\/photo-workshop\/persia-iran\/","name":"PERSIA - Fine Art esk\u00fcv\u0151i fot\u00f3z\u00e1s \u2013 Szab\u00f3 Zolt\u00e1n szemtan\u00fa","isPartOf":{"@id":"https:\/\/szemtanu.com\/en\/#website"},"datePublished":"2016-01-04T18:14:40+00:00","dateModified":"2016-01-29T10:29:14+00:00","breadcrumb":{"@id":"https:\/\/szemtanu.com\/en\/photo-workshop\/persia-iran\/#breadcrumb"},"inLanguage":"en-US","potentialAction":[{"@type":"ReadAction","target":["https:\/\/szemtanu.com\/en\/photo-workshop\/persia-iran\/"]}]},{"@type":"BreadcrumbList","@id":"https:\/\/szemtanu.com\/en\/photo-workshop\/persia-iran\/#breadcrumb","itemListElement":[{"@type":"ListItem","position":1,"name":"Kezd\u0151lap","item":"https:\/\/szemtanu.com\/en\/test-home\/"},{"@type":"ListItem","position":2,"name":"Photo workshop","item":"https:\/\/szemtanu.com\/en\/photo-workshop\/"},{"@type":"ListItem","position":3,"name":"PERSIA"}]},{"@type":"WebSite","@id":"https:\/\/szemtanu.com\/en\/#website","url":"https:\/\/szemtanu.com\/en\/","name":"Fine Art esk\u00fcv\u0151i fot\u00f3z\u00e1s \u2013 Szab\u00f3 Zolt\u00e1n szemtan\u00fa","description":"Pr\u00e9mium esk\u00fcv\u0151 fot\u00f3k d\u00edjnyertes esk\u00fcv\u0151i fot\u00f3st\u00f3l. Premium Fine Art Wedding Photography","publisher":{"@id":"https:\/\/szemtanu.com\/en\/#\/schema\/person\/95a6aa0b2dfc7d60bd445135bd71f3bf"},"potentialAction":[{"@type":"SearchAction","target":{"@type":"EntryPoint","urlTemplate":"https:\/\/szemtanu.com\/en\/?s={search_term_string}"},"query-input":{"@type":"PropertyValueSpecification","valueRequired":true,"valueName":"search_term_string"}}],"inLanguage":"en-US"},{"@type":["Person","Organization"],"@id":"https:\/\/szemtanu.com\/en\/#\/schema\/person\/95a6aa0b2dfc7d60bd445135bd71f3bf","name":"Szab\u00f3 Zolt\u00e1n","image":{"@type":"ImageObject","inLanguage":"en-US","@id":"https:\/\/secure.gravatar.com\/avatar\/00701ebf8226addf5e53f971815aaed48e033b305526a3e7e8d91a2e553141ca?s=96&d=mm&r=g","url":"https:\/\/secure.gravatar.com\/avatar\/00701ebf8226addf5e53f971815aaed48e033b305526a3e7e8d91a2e553141ca?s=96&d=mm&r=g","contentUrl":"https:\/\/secure.gravatar.com\/avatar\/00701ebf8226addf5e53f971815aaed48e033b305526a3e7e8d91a2e553141ca?s=96&d=mm&r=g","caption":"Szab\u00f3 Zolt\u00e1n"},"logo":{"@id":"https:\/\/secure.gravatar.com\/avatar\/00701ebf8226addf5e53f971815aaed48e033b305526a3e7e8d91a2e553141ca?s=96&d=mm&r=g"}}]}},"_links":{"self":[{"href":"https:\/\/szemtanu.com\/en\/wp-json\/wp\/v2\/pages\/9306","targetHints":{"allow":["GET"]}}],"collection":[{"href":"https:\/\/szemtanu.com\/en\/wp-json\/wp\/v2\/pages"}],"about":[{"href":"https:\/\/szemtanu.com\/en\/wp-json\/wp\/v2\/types\/page"}],"author":[{"embeddable":true,"href":"https:\/\/szemtanu.com\/en\/wp-json\/wp\/v2\/users\/5"}],"replies":[{"embeddable":true,"href":"https:\/\/szemtanu.com\/en\/wp-json\/wp\/v2\/comments?post=9306"}],"version-history":[{"count":10,"href":"https:\/\/szemtanu.com\/en\/wp-json\/wp\/v2\/pages\/9306\/revisions"}],"predecessor-version":[{"id":10974,"href":"https:\/\/szemtanu.com\/en\/wp-json\/wp\/v2\/pages\/9306\/revisions\/10974"}],"up":[{"embeddable":true,"href":"https:\/\/szemtanu.com\/en\/wp-json\/wp\/v2\/pages\/9296"}],"wp:attachment":[{"href":"https:\/\/szemtanu.com\/en\/wp-json\/wp\/v2\/media?parent=9306"}],"wp:term":[{"taxonomy":"category","embeddable":true,"href":"https:\/\/szemtanu.com\/en\/wp-json\/wp\/v2\/categories?post=9306"},{"taxonomy":"post_tag","embeddable":true,"href":"https:\/\/szemtanu.com\/en\/wp-json\/wp\/v2\/tags?post=9306"}],"curies":[{"name":"wp","href":"https:\/\/api.w.org\/{rel}","templated":true}]}}