{"id":9300,"date":"2009-01-04T20:04:51","date_gmt":"2009-01-04T18:04:51","guid":{"rendered":"https:\/\/szemtanu.com\/en\/?page_id=9300"},"modified":"2016-01-29T11:49:45","modified_gmt":"2016-01-29T09:49:45","slug":"corsica","status":"publish","type":"page","link":"https:\/\/szemtanu.com\/en\/photo-workshop\/corsica\/","title":{"rendered":"CORSICA"},"content":{"rendered":"\n<style type=\"text\/css\" data-created_by=\"avia_inline_auto\" id=\"style-css-av-av_heading-2f2e4b665ef19d821263db256e1c9cee\">\n#top .av-special-heading.av-av_heading-2f2e4b665ef19d821263db256e1c9cee{\npadding-bottom:10px;\n}\nbody .av-special-heading.av-av_heading-2f2e4b665ef19d821263db256e1c9cee .av-special-heading-tag .heading-char{\nfont-size:25px;\n}\n.av-special-heading.av-av_heading-2f2e4b665ef19d821263db256e1c9cee .av-subheading{\nfont-size:15px;\n}\n<\/style>\n<div  class='av-special-heading av-av_heading-2f2e4b665ef19d821263db256e1c9cee av-special-heading-h5  avia-builder-el-0  el_before_av_one_half  avia-builder-el-first '><h5 class='av-special-heading-tag '  >Photo workshop in CORSICA<\/h5><div class=\"special-heading-border\"><div class=\"special-heading-inner-border\"><\/div><\/div><\/div>\n\n<style type=\"text\/css\" data-created_by=\"avia_inline_auto\" id=\"style-css-av-av_one_half-352b07ef7d3bc99b2e9f92e7a9e06bdb\">\n.flex_column.av-av_one_half-352b07ef7d3bc99b2e9f92e7a9e06bdb{\nborder-radius:0px 0px 0px 0px;\npadding:0px 0px 0px 0px;\n}\n<\/style>\n<div  class='flex_column av-av_one_half-352b07ef7d3bc99b2e9f92e7a9e06bdb av_one_half  avia-builder-el-1  el_after_av_heading  el_before_av_one_half  first flex_column_div av-zero-column-padding  '     ><section  class='av_textblock_section av-av_textblock-0366cc7376be6c9e82a3e9cc8987b64f '  ><div class='avia_textblock' ><p>Jutting out of the Med like an impregnable fortress, Corsica resembles a miniature continent, with astounding geographical diversity. Within half an hour, the landscape morphs from glittering bays, glitzy coastal cities and fabulous beaches to sawtooth peaks, breathtaking valleys, dense forests and enigmatic hilltop villages. <a href=\"http:\/\/kincseskamera.hu\/galeria\/korzika-fototura\/korzika-fototura-sajat-kepek\/\" target=\"_blank\">More photos<\/a> and <a href=\"http:\/\/kincseskamera.hu\/fototura\/fototura-korzikan\/\" target=\"_blank\">details of the workshop<\/a>.<\/p>\n<\/div><\/section><\/div>\n<style type=\"text\/css\" data-created_by=\"avia_inline_auto\" id=\"style-css-av-av_one_half-2a64de42b738552fe666ca889af77e28\">\n.flex_column.av-av_one_half-2a64de42b738552fe666ca889af77e28{\nborder-radius:0px 0px 0px 0px;\npadding:0px 0px 0px 0px;\n}\n<\/style>\n<div  class='flex_column av-av_one_half-2a64de42b738552fe666ca889af77e28 av_one_half  avia-builder-el-3  el_after_av_one_half  el_before_av_masonry_gallery  avia-builder-el-last  flex_column_div av-zero-column-padding  '     ><section  class='av_textblock_section av-av_textblock-0366cc7376be6c9e82a3e9cc8987b64f '  ><div class='avia_textblock' ><p>A <a href=\"http:\/\/kincseskamera.hu\/\" target=\"_blank\">Kincseskamer\u00e1t<\/a> Juh\u00e1sz Bal\u00e1zs bar\u00e1tommal 2010-ben alap\u00edtottuk azzal a c\u00e9llal, hogy ablakot nyissunk az \u00e1ltalunk megismert vil\u00e1gokra \u00e9s hogy fot\u00f3 workshopok form\u00e1j\u00e1ban eljuttassunk oda amat\u0151r \u00e9s profi fotogr\u00e1fusokat \u00e1tadva k\u00f6zben tud\u00e1sunkat, tapasztalatunkat.<\/p>\n<\/div><\/section><\/div><\/p>\n\n","protected":false},"excerpt":{"rendered":"","protected":false},"author":5,"featured_media":36322,"parent":9296,"menu_order":0,"comment_status":"open","ping_status":"closed","template":"","meta":{"footnotes":""},"categories":[40],"tags":[],"class_list":["post-9300","page","type-page","status-publish","has-post-thumbnail","hentry","category-photo-workshop"],"yoast_head":"<!-- This site is optimized with the Yoast SEO plugin v27.3 - https:\/\/yoast.com\/product\/yoast-seo-wordpress\/ -->\n<title>CORSICA - Fine Art esk\u00fcv\u0151i fot\u00f3z\u00e1s \u2013 Szab\u00f3 Zolt\u00e1n szemtan\u00fa<\/title>\n<meta name=\"robots\" content=\"index, follow, max-snippet:-1, max-image-preview:large, max-video-preview:-1\" \/>\n<link rel=\"canonical\" href=\"https:\/\/szemtanu.com\/en\/photo-workshop\/corsica\/\" \/>\n<meta property=\"og:locale\" content=\"en_US\" \/>\n<meta property=\"og:type\" content=\"article\" \/>\n<meta property=\"og:title\" content=\"CORSICA - Fine Art esk\u00fcv\u0151i fot\u00f3z\u00e1s \u2013 Szab\u00f3 Zolt\u00e1n szemtan\u00fa\" \/>\n<meta property=\"og:url\" content=\"https:\/\/szemtanu.com\/en\/photo-workshop\/corsica\/\" \/>\n<meta property=\"og:site_name\" content=\"Fine Art esk\u00fcv\u0151i fot\u00f3z\u00e1s \u2013 Szab\u00f3 Zolt\u00e1n szemtan\u00fa\" \/>\n<meta property=\"article:modified_time\" content=\"2016-01-29T09:49:45+00:00\" \/>\n<meta property=\"og:image\" content=\"https:\/\/szemtanu.com\/wp-content\/uploads\/2016\/01\/korzika_portfoliogrid.jpg\" \/>\n\t<meta property=\"og:image:width\" content=\"500\" \/>\n\t<meta property=\"og:image:height\" content=\"333\" \/>\n\t<meta property=\"og:image:type\" content=\"image\/jpeg\" \/>\n<meta name=\"twitter:label1\" content=\"Est. reading time\" \/>\n\t<meta name=\"twitter:data1\" content=\"1 minute\" \/>\n<script type=\"application\/ld+json\" class=\"yoast-schema-graph\">{\"@context\":\"https:\\\/\\\/schema.org\",\"@graph\":[{\"@type\":\"WebPage\",\"@id\":\"https:\\\/\\\/szemtanu.com\\\/en\\\/photo-workshop\\\/corsica\\\/\",\"url\":\"https:\\\/\\\/szemtanu.com\\\/en\\\/photo-workshop\\\/corsica\\\/\",\"name\":\"CORSICA - Fine Art esk\u00fcv\u0151i fot\u00f3z\u00e1s \u2013 Szab\u00f3 Zolt\u00e1n szemtan\u00fa\",\"isPartOf\":{\"@id\":\"https:\\\/\\\/szemtanu.com\\\/en\\\/#website\"},\"primaryImageOfPage\":{\"@id\":\"https:\\\/\\\/szemtanu.com\\\/en\\\/photo-workshop\\\/corsica\\\/#primaryimage\"},\"image\":{\"@id\":\"https:\\\/\\\/szemtanu.com\\\/en\\\/photo-workshop\\\/corsica\\\/#primaryimage\"},\"thumbnailUrl\":\"https:\\\/\\\/szemtanu.com\\\/wp-content\\\/uploads\\\/2025\\\/12\\\/01-1.jpg\",\"datePublished\":\"2009-01-04T18:04:51+00:00\",\"dateModified\":\"2016-01-29T09:49:45+00:00\",\"breadcrumb\":{\"@id\":\"https:\\\/\\\/szemtanu.com\\\/en\\\/photo-workshop\\\/corsica\\\/#breadcrumb\"},\"inLanguage\":\"en-US\",\"potentialAction\":[{\"@type\":\"ReadAction\",\"target\":[\"https:\\\/\\\/szemtanu.com\\\/en\\\/photo-workshop\\\/corsica\\\/\"]}]},{\"@type\":\"ImageObject\",\"inLanguage\":\"en-US\",\"@id\":\"https:\\\/\\\/szemtanu.com\\\/en\\\/photo-workshop\\\/corsica\\\/#primaryimage\",\"url\":\"https:\\\/\\\/szemtanu.com\\\/wp-content\\\/uploads\\\/2025\\\/12\\\/01-1.jpg\",\"contentUrl\":\"https:\\\/\\\/szemtanu.com\\\/wp-content\\\/uploads\\\/2025\\\/12\\\/01-1.jpg\",\"width\":1920,\"height\":1282,\"caption\":\"fot\u00f3: KINCSESKAMERA - Szab\u00f3 Zolt\u00e1n\"},{\"@type\":\"BreadcrumbList\",\"@id\":\"https:\\\/\\\/szemtanu.com\\\/en\\\/photo-workshop\\\/corsica\\\/#breadcrumb\",\"itemListElement\":[{\"@type\":\"ListItem\",\"position\":1,\"name\":\"Kezd\u0151lap\",\"item\":\"https:\\\/\\\/szemtanu.com\\\/en\\\/test-home\\\/\"},{\"@type\":\"ListItem\",\"position\":2,\"name\":\"Photo workshop\",\"item\":\"https:\\\/\\\/szemtanu.com\\\/en\\\/photo-workshop\\\/\"},{\"@type\":\"ListItem\",\"position\":3,\"name\":\"CORSICA\"}]},{\"@type\":\"WebSite\",\"@id\":\"https:\\\/\\\/szemtanu.com\\\/en\\\/#website\",\"url\":\"https:\\\/\\\/szemtanu.com\\\/en\\\/\",\"name\":\"Fine Art esk\u00fcv\u0151i fot\u00f3z\u00e1s \u2013 Szab\u00f3 Zolt\u00e1n szemtan\u00fa\",\"description\":\"Pr\u00e9mium esk\u00fcv\u0151 fot\u00f3k d\u00edjnyertes esk\u00fcv\u0151i fot\u00f3st\u00f3l. Premium Fine Art Wedding Photography\",\"publisher\":{\"@id\":\"https:\\\/\\\/szemtanu.com\\\/en\\\/#\\\/schema\\\/person\\\/95a6aa0b2dfc7d60bd445135bd71f3bf\"},\"potentialAction\":[{\"@type\":\"SearchAction\",\"target\":{\"@type\":\"EntryPoint\",\"urlTemplate\":\"https:\\\/\\\/szemtanu.com\\\/en\\\/?s={search_term_string}\"},\"query-input\":{\"@type\":\"PropertyValueSpecification\",\"valueRequired\":true,\"valueName\":\"search_term_string\"}}],\"inLanguage\":\"en-US\"},{\"@type\":[\"Person\",\"Organization\"],\"@id\":\"https:\\\/\\\/szemtanu.com\\\/en\\\/#\\\/schema\\\/person\\\/95a6aa0b2dfc7d60bd445135bd71f3bf\",\"name\":\"Szab\u00f3 Zolt\u00e1n\",\"image\":{\"@type\":\"ImageObject\",\"inLanguage\":\"en-US\",\"@id\":\"https:\\\/\\\/secure.gravatar.com\\\/avatar\\\/00701ebf8226addf5e53f971815aaed48e033b305526a3e7e8d91a2e553141ca?s=96&d=mm&r=g\",\"url\":\"https:\\\/\\\/secure.gravatar.com\\\/avatar\\\/00701ebf8226addf5e53f971815aaed48e033b305526a3e7e8d91a2e553141ca?s=96&d=mm&r=g\",\"contentUrl\":\"https:\\\/\\\/secure.gravatar.com\\\/avatar\\\/00701ebf8226addf5e53f971815aaed48e033b305526a3e7e8d91a2e553141ca?s=96&d=mm&r=g\",\"caption\":\"Szab\u00f3 Zolt\u00e1n\"},\"logo\":{\"@id\":\"https:\\\/\\\/secure.gravatar.com\\\/avatar\\\/00701ebf8226addf5e53f971815aaed48e033b305526a3e7e8d91a2e553141ca?s=96&d=mm&r=g\"}}]}<\/script>\n<!-- \/ Yoast SEO plugin. -->","yoast_head_json":{"title":"CORSICA - Fine Art esk\u00fcv\u0151i fot\u00f3z\u00e1s \u2013 Szab\u00f3 Zolt\u00e1n szemtan\u00fa","robots":{"index":"index","follow":"follow","max-snippet":"max-snippet:-1","max-image-preview":"max-image-preview:large","max-video-preview":"max-video-preview:-1"},"canonical":"https:\/\/szemtanu.com\/en\/photo-workshop\/corsica\/","og_locale":"en_US","og_type":"article","og_title":"CORSICA - Fine Art esk\u00fcv\u0151i fot\u00f3z\u00e1s \u2013 Szab\u00f3 Zolt\u00e1n szemtan\u00fa","og_url":"https:\/\/szemtanu.com\/en\/photo-workshop\/corsica\/","og_site_name":"Fine Art esk\u00fcv\u0151i fot\u00f3z\u00e1s \u2013 Szab\u00f3 Zolt\u00e1n szemtan\u00fa","article_modified_time":"2016-01-29T09:49:45+00:00","og_image":[{"width":500,"height":333,"url":"https:\/\/szemtanu.com\/wp-content\/uploads\/2016\/01\/korzika_portfoliogrid.jpg","type":"image\/jpeg"}],"twitter_misc":{"Est. reading time":"1 minute"},"schema":{"@context":"https:\/\/schema.org","@graph":[{"@type":"WebPage","@id":"https:\/\/szemtanu.com\/en\/photo-workshop\/corsica\/","url":"https:\/\/szemtanu.com\/en\/photo-workshop\/corsica\/","name":"CORSICA - Fine Art esk\u00fcv\u0151i fot\u00f3z\u00e1s \u2013 Szab\u00f3 Zolt\u00e1n szemtan\u00fa","isPartOf":{"@id":"https:\/\/szemtanu.com\/en\/#website"},"primaryImageOfPage":{"@id":"https:\/\/szemtanu.com\/en\/photo-workshop\/corsica\/#primaryimage"},"image":{"@id":"https:\/\/szemtanu.com\/en\/photo-workshop\/corsica\/#primaryimage"},"thumbnailUrl":"https:\/\/szemtanu.com\/wp-content\/uploads\/2025\/12\/01-1.jpg","datePublished":"2009-01-04T18:04:51+00:00","dateModified":"2016-01-29T09:49:45+00:00","breadcrumb":{"@id":"https:\/\/szemtanu.com\/en\/photo-workshop\/corsica\/#breadcrumb"},"inLanguage":"en-US","potentialAction":[{"@type":"ReadAction","target":["https:\/\/szemtanu.com\/en\/photo-workshop\/corsica\/"]}]},{"@type":"ImageObject","inLanguage":"en-US","@id":"https:\/\/szemtanu.com\/en\/photo-workshop\/corsica\/#primaryimage","url":"https:\/\/szemtanu.com\/wp-content\/uploads\/2025\/12\/01-1.jpg","contentUrl":"https:\/\/szemtanu.com\/wp-content\/uploads\/2025\/12\/01-1.jpg","width":1920,"height":1282,"caption":"fot\u00f3: KINCSESKAMERA - Szab\u00f3 Zolt\u00e1n"},{"@type":"BreadcrumbList","@id":"https:\/\/szemtanu.com\/en\/photo-workshop\/corsica\/#breadcrumb","itemListElement":[{"@type":"ListItem","position":1,"name":"Kezd\u0151lap","item":"https:\/\/szemtanu.com\/en\/test-home\/"},{"@type":"ListItem","position":2,"name":"Photo workshop","item":"https:\/\/szemtanu.com\/en\/photo-workshop\/"},{"@type":"ListItem","position":3,"name":"CORSICA"}]},{"@type":"WebSite","@id":"https:\/\/szemtanu.com\/en\/#website","url":"https:\/\/szemtanu.com\/en\/","name":"Fine Art esk\u00fcv\u0151i fot\u00f3z\u00e1s \u2013 Szab\u00f3 Zolt\u00e1n szemtan\u00fa","description":"Pr\u00e9mium esk\u00fcv\u0151 fot\u00f3k d\u00edjnyertes esk\u00fcv\u0151i fot\u00f3st\u00f3l. Premium Fine Art Wedding Photography","publisher":{"@id":"https:\/\/szemtanu.com\/en\/#\/schema\/person\/95a6aa0b2dfc7d60bd445135bd71f3bf"},"potentialAction":[{"@type":"SearchAction","target":{"@type":"EntryPoint","urlTemplate":"https:\/\/szemtanu.com\/en\/?s={search_term_string}"},"query-input":{"@type":"PropertyValueSpecification","valueRequired":true,"valueName":"search_term_string"}}],"inLanguage":"en-US"},{"@type":["Person","Organization"],"@id":"https:\/\/szemtanu.com\/en\/#\/schema\/person\/95a6aa0b2dfc7d60bd445135bd71f3bf","name":"Szab\u00f3 Zolt\u00e1n","image":{"@type":"ImageObject","inLanguage":"en-US","@id":"https:\/\/secure.gravatar.com\/avatar\/00701ebf8226addf5e53f971815aaed48e033b305526a3e7e8d91a2e553141ca?s=96&d=mm&r=g","url":"https:\/\/secure.gravatar.com\/avatar\/00701ebf8226addf5e53f971815aaed48e033b305526a3e7e8d91a2e553141ca?s=96&d=mm&r=g","contentUrl":"https:\/\/secure.gravatar.com\/avatar\/00701ebf8226addf5e53f971815aaed48e033b305526a3e7e8d91a2e553141ca?s=96&d=mm&r=g","caption":"Szab\u00f3 Zolt\u00e1n"},"logo":{"@id":"https:\/\/secure.gravatar.com\/avatar\/00701ebf8226addf5e53f971815aaed48e033b305526a3e7e8d91a2e553141ca?s=96&d=mm&r=g"}}]}},"_links":{"self":[{"href":"https:\/\/szemtanu.com\/en\/wp-json\/wp\/v2\/pages\/9300","targetHints":{"allow":["GET"]}}],"collection":[{"href":"https:\/\/szemtanu.com\/en\/wp-json\/wp\/v2\/pages"}],"about":[{"href":"https:\/\/szemtanu.com\/en\/wp-json\/wp\/v2\/types\/page"}],"author":[{"embeddable":true,"href":"https:\/\/szemtanu.com\/en\/wp-json\/wp\/v2\/users\/5"}],"replies":[{"embeddable":true,"href":"https:\/\/szemtanu.com\/en\/wp-json\/wp\/v2\/comments?post=9300"}],"version-history":[{"count":7,"href":"https:\/\/szemtanu.com\/en\/wp-json\/wp\/v2\/pages\/9300\/revisions"}],"predecessor-version":[{"id":10965,"href":"https:\/\/szemtanu.com\/en\/wp-json\/wp\/v2\/pages\/9300\/revisions\/10965"}],"up":[{"embeddable":true,"href":"https:\/\/szemtanu.com\/en\/wp-json\/wp\/v2\/pages\/9296"}],"wp:featuredmedia":[{"embeddable":true,"href":"https:\/\/szemtanu.com\/en\/wp-json\/wp\/v2\/media\/36322"}],"wp:attachment":[{"href":"https:\/\/szemtanu.com\/en\/wp-json\/wp\/v2\/media?parent=9300"}],"wp:term":[{"taxonomy":"category","embeddable":true,"href":"https:\/\/szemtanu.com\/en\/wp-json\/wp\/v2\/categories?post=9300"},{"taxonomy":"post_tag","embeddable":true,"href":"https:\/\/szemtanu.com\/en\/wp-json\/wp\/v2\/tags?post=9300"}],"curies":[{"name":"wp","href":"https:\/\/api.w.org\/{rel}","templated":true}]}}