{"id":9298,"date":"2015-01-04T19:34:51","date_gmt":"2015-01-04T17:34:51","guid":{"rendered":"https:\/\/szemtanu.com\/en\/?page_id=9298"},"modified":"2016-01-28T01:31:27","modified_gmt":"2016-01-27T23:31:27","slug":"tibet-ladakh","status":"publish","type":"page","link":"https:\/\/szemtanu.com\/en\/photo-workshop\/tibet-ladakh\/","title":{"rendered":"LITTLE-TIBET"},"content":{"rendered":"\n<style type=\"text\/css\" data-created_by=\"avia_inline_auto\" id=\"style-css-av-av_heading-6b20253da52b3e4b1fd8aecd5a3199c8\">\n#top .av-special-heading.av-av_heading-6b20253da52b3e4b1fd8aecd5a3199c8{\npadding-bottom:10px;\n}\nbody .av-special-heading.av-av_heading-6b20253da52b3e4b1fd8aecd5a3199c8 .av-special-heading-tag .heading-char{\nfont-size:25px;\n}\n.av-special-heading.av-av_heading-6b20253da52b3e4b1fd8aecd5a3199c8 .av-subheading{\nfont-size:15px;\n}\n<\/style>\n<div  class='av-special-heading av-av_heading-6b20253da52b3e4b1fd8aecd5a3199c8 av-special-heading-h5  avia-builder-el-0  el_before_av_one_half  avia-builder-el-first '><h5 class='av-special-heading-tag '  >Photo workshop in LADAKH<\/h5><div class=\"special-heading-border\"><div class=\"special-heading-inner-border\"><\/div><\/div><\/div>\n\n<style type=\"text\/css\" data-created_by=\"avia_inline_auto\" id=\"style-css-av-av_one_half-352b07ef7d3bc99b2e9f92e7a9e06bdb\">\n.flex_column.av-av_one_half-352b07ef7d3bc99b2e9f92e7a9e06bdb{\nborder-radius:0px 0px 0px 0px;\npadding:0px 0px 0px 0px;\n}\n<\/style>\n<div  class='flex_column av-av_one_half-352b07ef7d3bc99b2e9f92e7a9e06bdb av_one_half  avia-builder-el-1  el_after_av_heading  el_before_av_one_half  first flex_column_div av-zero-column-padding  '     ><section  class='av_textblock_section av-av_textblock-0366cc7376be6c9e82a3e9cc8987b64f '  ><div class='avia_textblock' ><p>A vil\u00e1g tetej\u00e9n, Ladakhban, a Csoma-j\u00e1rta Tibet fantasztikus d\u00edszletei \u00e9s buddhista szerzetesei k\u00f6z\u00f6tt fot\u00f3zhatsz vel\u00fcnk. \u00c1tkel\u00fcnk a F\u00f6ld legmagasabb aut\u00f3zhat\u00f3 h\u00e1g\u00f3j\u00e1n, r\u00e9szesei lesz\u00fcnk egy buddhista kolostori fesztiv\u00e1lnak, kipr\u00f3b\u00e1ljuk a s\u00f3s jakvajas te\u00e1t \u00e9s belek\u00f3stolunk a magashegyi trekkingez\u00e9sbe. M\u00e9g <a href=\"http:\/\/kincseskamera.hu\/galeria\/ladakh-fototura\/ladakh-fototura-sajat-kepek\/\" target=\"_blank\">t\u00f6bb k\u00e9p<\/a> \u00e9s <a href=\"http:\/\/kincseskamera.hu\/fototura\/kis-tibet-1\/\" target=\"_blank\">r\u00e9szletek a t\u00far\u00e1r\u00f3l<\/a>.<\/p>\n<\/div><\/section><\/div>\n\n<style type=\"text\/css\" data-created_by=\"avia_inline_auto\" id=\"style-css-av-av_one_half-2a64de42b738552fe666ca889af77e28\">\n.flex_column.av-av_one_half-2a64de42b738552fe666ca889af77e28{\nborder-radius:0px 0px 0px 0px;\npadding:0px 0px 0px 0px;\n}\n<\/style>\n<div  class='flex_column av-av_one_half-2a64de42b738552fe666ca889af77e28 av_one_half  avia-builder-el-3  el_after_av_one_half  el_before_av_masonry_gallery  avia-builder-el-last  flex_column_div av-zero-column-padding  '     ><section  class='av_textblock_section av-av_textblock-0366cc7376be6c9e82a3e9cc8987b64f '  ><div class='avia_textblock' ><p>A <a href=\"http:\/\/kincseskamera.hu\/\" target=\"_blank\">Kincseskamer\u00e1t<\/a> Juh\u00e1sz Bal\u00e1zs bar\u00e1tommal 2010-ben alap\u00edtottuk azzal a c\u00e9llal, hogy ablakot nyissunk az \u00e1ltalunk megismert vil\u00e1gokra \u00e9s hogy fot\u00f3 workshopok form\u00e1j\u00e1ban eljuttassunk oda amat\u0151r \u00e9s profi fotogr\u00e1fusokat \u00e1tadva k\u00f6zben tud\u00e1sunkat, tapasztalatunkat.<\/p>\n<\/div><\/section><\/div>\n\n","protected":false},"excerpt":{"rendered":"","protected":false},"author":5,"featured_media":36253,"parent":9296,"menu_order":0,"comment_status":"open","ping_status":"closed","template":"","meta":{"footnotes":""},"categories":[40],"tags":[],"class_list":["post-9298","page","type-page","status-publish","has-post-thumbnail","hentry","category-photo-workshop"],"yoast_head":"<!-- This site is optimized with the Yoast SEO plugin v27.4 - https:\/\/yoast.com\/product\/yoast-seo-wordpress\/ -->\n<title>LITTLE-TIBET - Fine Art esk\u00fcv\u0151i fot\u00f3z\u00e1s \u2013 Szab\u00f3 Zolt\u00e1n szemtan\u00fa<\/title>\n<meta name=\"robots\" content=\"index, follow, max-snippet:-1, max-image-preview:large, max-video-preview:-1\" \/>\n<link rel=\"canonical\" href=\"https:\/\/szemtanu.com\/en\/photo-workshop\/tibet-ladakh\/\" \/>\n<meta property=\"og:locale\" content=\"en_US\" \/>\n<meta property=\"og:type\" content=\"article\" \/>\n<meta property=\"og:title\" content=\"LITTLE-TIBET - Fine Art esk\u00fcv\u0151i fot\u00f3z\u00e1s \u2013 Szab\u00f3 Zolt\u00e1n szemtan\u00fa\" \/>\n<meta property=\"og:url\" content=\"https:\/\/szemtanu.com\/en\/photo-workshop\/tibet-ladakh\/\" \/>\n<meta property=\"og:site_name\" content=\"Fine Art esk\u00fcv\u0151i fot\u00f3z\u00e1s \u2013 Szab\u00f3 Zolt\u00e1n szemtan\u00fa\" \/>\n<meta property=\"article:modified_time\" content=\"2016-01-27T23:31:27+00:00\" \/>\n<meta property=\"og:image\" content=\"https:\/\/szemtanu.com\/wp-content\/uploads\/2016\/01\/ladakh_portfoliogrid.jpg\" \/>\n\t<meta property=\"og:image:width\" content=\"500\" \/>\n\t<meta property=\"og:image:height\" content=\"333\" \/>\n\t<meta property=\"og:image:type\" content=\"image\/jpeg\" \/>\n<meta name=\"twitter:label1\" content=\"Est. reading time\" \/>\n\t<meta name=\"twitter:data1\" content=\"1 minute\" \/>\n<script type=\"application\/ld+json\" class=\"yoast-schema-graph\">{\"@context\":\"https:\\\/\\\/schema.org\",\"@graph\":[{\"@type\":\"WebPage\",\"@id\":\"https:\\\/\\\/szemtanu.com\\\/en\\\/photo-workshop\\\/tibet-ladakh\\\/\",\"url\":\"https:\\\/\\\/szemtanu.com\\\/en\\\/photo-workshop\\\/tibet-ladakh\\\/\",\"name\":\"LITTLE-TIBET - Fine Art esk\u00fcv\u0151i fot\u00f3z\u00e1s \u2013 Szab\u00f3 Zolt\u00e1n szemtan\u00fa\",\"isPartOf\":{\"@id\":\"https:\\\/\\\/szemtanu.com\\\/en\\\/#website\"},\"primaryImageOfPage\":{\"@id\":\"https:\\\/\\\/szemtanu.com\\\/en\\\/photo-workshop\\\/tibet-ladakh\\\/#primaryimage\"},\"image\":{\"@id\":\"https:\\\/\\\/szemtanu.com\\\/en\\\/photo-workshop\\\/tibet-ladakh\\\/#primaryimage\"},\"thumbnailUrl\":\"https:\\\/\\\/szemtanu.com\\\/wp-content\\\/uploads\\\/2025\\\/12\\\/01.jpg\",\"datePublished\":\"2015-01-04T17:34:51+00:00\",\"dateModified\":\"2016-01-27T23:31:27+00:00\",\"breadcrumb\":{\"@id\":\"https:\\\/\\\/szemtanu.com\\\/en\\\/photo-workshop\\\/tibet-ladakh\\\/#breadcrumb\"},\"inLanguage\":\"en-US\",\"potentialAction\":[{\"@type\":\"ReadAction\",\"target\":[\"https:\\\/\\\/szemtanu.com\\\/en\\\/photo-workshop\\\/tibet-ladakh\\\/\"]}]},{\"@type\":\"ImageObject\",\"inLanguage\":\"en-US\",\"@id\":\"https:\\\/\\\/szemtanu.com\\\/en\\\/photo-workshop\\\/tibet-ladakh\\\/#primaryimage\",\"url\":\"https:\\\/\\\/szemtanu.com\\\/wp-content\\\/uploads\\\/2025\\\/12\\\/01.jpg\",\"contentUrl\":\"https:\\\/\\\/szemtanu.com\\\/wp-content\\\/uploads\\\/2025\\\/12\\\/01.jpg\",\"width\":1920,\"height\":1280,\"caption\":\"fot\u00f3: KINCSESKAMERA - Szab\u00f3 Zolt\u00e1n\"},{\"@type\":\"BreadcrumbList\",\"@id\":\"https:\\\/\\\/szemtanu.com\\\/en\\\/photo-workshop\\\/tibet-ladakh\\\/#breadcrumb\",\"itemListElement\":[{\"@type\":\"ListItem\",\"position\":1,\"name\":\"Kezd\u0151lap\",\"item\":\"https:\\\/\\\/szemtanu.com\\\/en\\\/test-home\\\/\"},{\"@type\":\"ListItem\",\"position\":2,\"name\":\"Photo workshop\",\"item\":\"https:\\\/\\\/szemtanu.com\\\/en\\\/photo-workshop\\\/\"},{\"@type\":\"ListItem\",\"position\":3,\"name\":\"LITTLE-TIBET\"}]},{\"@type\":\"WebSite\",\"@id\":\"https:\\\/\\\/szemtanu.com\\\/en\\\/#website\",\"url\":\"https:\\\/\\\/szemtanu.com\\\/en\\\/\",\"name\":\"Fine Art esk\u00fcv\u0151i fot\u00f3z\u00e1s \u2013 Szab\u00f3 Zolt\u00e1n szemtan\u00fa\",\"description\":\"Pr\u00e9mium esk\u00fcv\u0151 fot\u00f3k d\u00edjnyertes esk\u00fcv\u0151i fot\u00f3st\u00f3l. Premium Fine Art Wedding Photography\",\"publisher\":{\"@id\":\"https:\\\/\\\/szemtanu.com\\\/en\\\/#\\\/schema\\\/person\\\/95a6aa0b2dfc7d60bd445135bd71f3bf\"},\"potentialAction\":[{\"@type\":\"SearchAction\",\"target\":{\"@type\":\"EntryPoint\",\"urlTemplate\":\"https:\\\/\\\/szemtanu.com\\\/en\\\/?s={search_term_string}\"},\"query-input\":{\"@type\":\"PropertyValueSpecification\",\"valueRequired\":true,\"valueName\":\"search_term_string\"}}],\"inLanguage\":\"en-US\"},{\"@type\":[\"Person\",\"Organization\"],\"@id\":\"https:\\\/\\\/szemtanu.com\\\/en\\\/#\\\/schema\\\/person\\\/95a6aa0b2dfc7d60bd445135bd71f3bf\",\"name\":\"Szab\u00f3 Zolt\u00e1n\",\"image\":{\"@type\":\"ImageObject\",\"inLanguage\":\"en-US\",\"@id\":\"https:\\\/\\\/secure.gravatar.com\\\/avatar\\\/00701ebf8226addf5e53f971815aaed48e033b305526a3e7e8d91a2e553141ca?s=96&d=mm&r=g\",\"url\":\"https:\\\/\\\/secure.gravatar.com\\\/avatar\\\/00701ebf8226addf5e53f971815aaed48e033b305526a3e7e8d91a2e553141ca?s=96&d=mm&r=g\",\"contentUrl\":\"https:\\\/\\\/secure.gravatar.com\\\/avatar\\\/00701ebf8226addf5e53f971815aaed48e033b305526a3e7e8d91a2e553141ca?s=96&d=mm&r=g\",\"caption\":\"Szab\u00f3 Zolt\u00e1n\"},\"logo\":{\"@id\":\"https:\\\/\\\/secure.gravatar.com\\\/avatar\\\/00701ebf8226addf5e53f971815aaed48e033b305526a3e7e8d91a2e553141ca?s=96&d=mm&r=g\"}}]}<\/script>\n<!-- \/ Yoast SEO plugin. -->","yoast_head_json":{"title":"LITTLE-TIBET - Fine Art esk\u00fcv\u0151i fot\u00f3z\u00e1s \u2013 Szab\u00f3 Zolt\u00e1n szemtan\u00fa","robots":{"index":"index","follow":"follow","max-snippet":"max-snippet:-1","max-image-preview":"max-image-preview:large","max-video-preview":"max-video-preview:-1"},"canonical":"https:\/\/szemtanu.com\/en\/photo-workshop\/tibet-ladakh\/","og_locale":"en_US","og_type":"article","og_title":"LITTLE-TIBET - Fine Art esk\u00fcv\u0151i fot\u00f3z\u00e1s \u2013 Szab\u00f3 Zolt\u00e1n szemtan\u00fa","og_url":"https:\/\/szemtanu.com\/en\/photo-workshop\/tibet-ladakh\/","og_site_name":"Fine Art esk\u00fcv\u0151i fot\u00f3z\u00e1s \u2013 Szab\u00f3 Zolt\u00e1n szemtan\u00fa","article_modified_time":"2016-01-27T23:31:27+00:00","og_image":[{"width":500,"height":333,"url":"https:\/\/szemtanu.com\/wp-content\/uploads\/2016\/01\/ladakh_portfoliogrid.jpg","type":"image\/jpeg"}],"twitter_misc":{"Est. reading time":"1 minute"},"schema":{"@context":"https:\/\/schema.org","@graph":[{"@type":"WebPage","@id":"https:\/\/szemtanu.com\/en\/photo-workshop\/tibet-ladakh\/","url":"https:\/\/szemtanu.com\/en\/photo-workshop\/tibet-ladakh\/","name":"LITTLE-TIBET - Fine Art esk\u00fcv\u0151i fot\u00f3z\u00e1s \u2013 Szab\u00f3 Zolt\u00e1n szemtan\u00fa","isPartOf":{"@id":"https:\/\/szemtanu.com\/en\/#website"},"primaryImageOfPage":{"@id":"https:\/\/szemtanu.com\/en\/photo-workshop\/tibet-ladakh\/#primaryimage"},"image":{"@id":"https:\/\/szemtanu.com\/en\/photo-workshop\/tibet-ladakh\/#primaryimage"},"thumbnailUrl":"https:\/\/szemtanu.com\/wp-content\/uploads\/2025\/12\/01.jpg","datePublished":"2015-01-04T17:34:51+00:00","dateModified":"2016-01-27T23:31:27+00:00","breadcrumb":{"@id":"https:\/\/szemtanu.com\/en\/photo-workshop\/tibet-ladakh\/#breadcrumb"},"inLanguage":"en-US","potentialAction":[{"@type":"ReadAction","target":["https:\/\/szemtanu.com\/en\/photo-workshop\/tibet-ladakh\/"]}]},{"@type":"ImageObject","inLanguage":"en-US","@id":"https:\/\/szemtanu.com\/en\/photo-workshop\/tibet-ladakh\/#primaryimage","url":"https:\/\/szemtanu.com\/wp-content\/uploads\/2025\/12\/01.jpg","contentUrl":"https:\/\/szemtanu.com\/wp-content\/uploads\/2025\/12\/01.jpg","width":1920,"height":1280,"caption":"fot\u00f3: KINCSESKAMERA - Szab\u00f3 Zolt\u00e1n"},{"@type":"BreadcrumbList","@id":"https:\/\/szemtanu.com\/en\/photo-workshop\/tibet-ladakh\/#breadcrumb","itemListElement":[{"@type":"ListItem","position":1,"name":"Kezd\u0151lap","item":"https:\/\/szemtanu.com\/en\/test-home\/"},{"@type":"ListItem","position":2,"name":"Photo workshop","item":"https:\/\/szemtanu.com\/en\/photo-workshop\/"},{"@type":"ListItem","position":3,"name":"LITTLE-TIBET"}]},{"@type":"WebSite","@id":"https:\/\/szemtanu.com\/en\/#website","url":"https:\/\/szemtanu.com\/en\/","name":"Fine Art esk\u00fcv\u0151i fot\u00f3z\u00e1s \u2013 Szab\u00f3 Zolt\u00e1n szemtan\u00fa","description":"Pr\u00e9mium esk\u00fcv\u0151 fot\u00f3k d\u00edjnyertes esk\u00fcv\u0151i fot\u00f3st\u00f3l. Premium Fine Art Wedding Photography","publisher":{"@id":"https:\/\/szemtanu.com\/en\/#\/schema\/person\/95a6aa0b2dfc7d60bd445135bd71f3bf"},"potentialAction":[{"@type":"SearchAction","target":{"@type":"EntryPoint","urlTemplate":"https:\/\/szemtanu.com\/en\/?s={search_term_string}"},"query-input":{"@type":"PropertyValueSpecification","valueRequired":true,"valueName":"search_term_string"}}],"inLanguage":"en-US"},{"@type":["Person","Organization"],"@id":"https:\/\/szemtanu.com\/en\/#\/schema\/person\/95a6aa0b2dfc7d60bd445135bd71f3bf","name":"Szab\u00f3 Zolt\u00e1n","image":{"@type":"ImageObject","inLanguage":"en-US","@id":"https:\/\/secure.gravatar.com\/avatar\/00701ebf8226addf5e53f971815aaed48e033b305526a3e7e8d91a2e553141ca?s=96&d=mm&r=g","url":"https:\/\/secure.gravatar.com\/avatar\/00701ebf8226addf5e53f971815aaed48e033b305526a3e7e8d91a2e553141ca?s=96&d=mm&r=g","contentUrl":"https:\/\/secure.gravatar.com\/avatar\/00701ebf8226addf5e53f971815aaed48e033b305526a3e7e8d91a2e553141ca?s=96&d=mm&r=g","caption":"Szab\u00f3 Zolt\u00e1n"},"logo":{"@id":"https:\/\/secure.gravatar.com\/avatar\/00701ebf8226addf5e53f971815aaed48e033b305526a3e7e8d91a2e553141ca?s=96&d=mm&r=g"}}]}},"_links":{"self":[{"href":"https:\/\/szemtanu.com\/en\/wp-json\/wp\/v2\/pages\/9298","targetHints":{"allow":["GET"]}}],"collection":[{"href":"https:\/\/szemtanu.com\/en\/wp-json\/wp\/v2\/pages"}],"about":[{"href":"https:\/\/szemtanu.com\/en\/wp-json\/wp\/v2\/types\/page"}],"author":[{"embeddable":true,"href":"https:\/\/szemtanu.com\/en\/wp-json\/wp\/v2\/users\/5"}],"replies":[{"embeddable":true,"href":"https:\/\/szemtanu.com\/en\/wp-json\/wp\/v2\/comments?post=9298"}],"version-history":[{"count":6,"href":"https:\/\/szemtanu.com\/en\/wp-json\/wp\/v2\/pages\/9298\/revisions"}],"predecessor-version":[{"id":10696,"href":"https:\/\/szemtanu.com\/en\/wp-json\/wp\/v2\/pages\/9298\/revisions\/10696"}],"up":[{"embeddable":true,"href":"https:\/\/szemtanu.com\/en\/wp-json\/wp\/v2\/pages\/9296"}],"wp:featuredmedia":[{"embeddable":true,"href":"https:\/\/szemtanu.com\/en\/wp-json\/wp\/v2\/media\/36253"}],"wp:attachment":[{"href":"https:\/\/szemtanu.com\/en\/wp-json\/wp\/v2\/media?parent=9298"}],"wp:term":[{"taxonomy":"category","embeddable":true,"href":"https:\/\/szemtanu.com\/en\/wp-json\/wp\/v2\/categories?post=9298"},{"taxonomy":"post_tag","embeddable":true,"href":"https:\/\/szemtanu.com\/en\/wp-json\/wp\/v2\/tags?post=9298"}],"curies":[{"name":"wp","href":"https:\/\/api.w.org\/{rel}","templated":true}]}}