{"id":11496,"date":"2016-06-08T08:27:13","date_gmt":"2016-06-08T06:27:13","guid":{"rendered":"https:\/\/szemtanu.com\/en\/?page_id=11496"},"modified":"2016-06-08T08:49:22","modified_gmt":"2016-06-08T06:49:22","slug":"160514-bori-erwin","status":"publish","type":"page","link":"https:\/\/szemtanu.com\/en\/160514-bori-erwin\/","title":{"rendered":"160514 Bori &#038; Erwin"},"content":{"rendered":"","protected":true},"excerpt":{"rendered":"","protected":true},"author":2,"featured_media":0,"parent":0,"menu_order":0,"comment_status":"closed","ping_status":"closed","template":"","meta":{"footnotes":""},"categories":[],"tags":[],"class_list":["post-11496","page","type-page","status-publish","post-password-required","hentry"],"yoast_head":"<!-- This site is optimized with the Yoast SEO plugin v27.4 - https:\/\/yoast.com\/product\/yoast-seo-wordpress\/ -->\n<title>160514 Bori &amp; Erwin - Fine Art esk\u00fcv\u0151i fot\u00f3z\u00e1s \u2013 Szab\u00f3 Zolt\u00e1n szemtan\u00fa<\/title>\n<meta name=\"robots\" content=\"index, follow, max-snippet:-1, max-image-preview:large, max-video-preview:-1\" \/>\n<link rel=\"canonical\" href=\"https:\/\/szemtanu.com\/en\/160514-bori-erwin\/\" \/>\n<meta property=\"og:locale\" content=\"en_US\" \/>\n<meta property=\"og:type\" content=\"article\" \/>\n<meta property=\"og:title\" content=\"160514 Bori &amp; Erwin - Fine Art esk\u00fcv\u0151i fot\u00f3z\u00e1s \u2013 Szab\u00f3 Zolt\u00e1n szemtan\u00fa\" \/>\n<meta property=\"og:description\" content=\"There is no excerpt because this is a protected post.\" \/>\n<meta property=\"og:url\" content=\"https:\/\/szemtanu.com\/en\/160514-bori-erwin\/\" \/>\n<meta property=\"og:site_name\" content=\"Fine Art esk\u00fcv\u0151i fot\u00f3z\u00e1s \u2013 Szab\u00f3 Zolt\u00e1n szemtan\u00fa\" \/>\n<meta property=\"article:modified_time\" content=\"2016-06-08T06:49:22+00:00\" \/>\n<script type=\"application\/ld+json\" class=\"yoast-schema-graph\">{\"@context\":\"https:\\\/\\\/schema.org\",\"@graph\":[{\"@type\":\"WebPage\",\"@id\":\"https:\\\/\\\/szemtanu.com\\\/en\\\/160514-bori-erwin\\\/\",\"url\":\"https:\\\/\\\/szemtanu.com\\\/en\\\/160514-bori-erwin\\\/\",\"name\":\"160514 Bori & Erwin - Fine Art esk\u00fcv\u0151i fot\u00f3z\u00e1s \u2013 Szab\u00f3 Zolt\u00e1n szemtan\u00fa\",\"isPartOf\":{\"@id\":\"https:\\\/\\\/szemtanu.com\\\/en\\\/#website\"},\"datePublished\":\"2016-06-08T06:27:13+00:00\",\"dateModified\":\"2016-06-08T06:49:22+00:00\",\"breadcrumb\":{\"@id\":\"https:\\\/\\\/szemtanu.com\\\/en\\\/160514-bori-erwin\\\/#breadcrumb\"},\"inLanguage\":\"en-US\"},{\"@type\":\"WebSite\",\"@id\":\"https:\\\/\\\/szemtanu.com\\\/en\\\/#website\",\"url\":\"https:\\\/\\\/szemtanu.com\\\/en\\\/\",\"name\":\"Fine Art esk\u00fcv\u0151i fot\u00f3z\u00e1s \u2013 Szab\u00f3 Zolt\u00e1n szemtan\u00fa\",\"description\":\"Pr\u00e9mium esk\u00fcv\u0151 fot\u00f3k d\u00edjnyertes esk\u00fcv\u0151i fot\u00f3st\u00f3l. Premium Fine Art Wedding Photography\",\"publisher\":{\"@id\":\"https:\\\/\\\/szemtanu.com\\\/en\\\/#\\\/schema\\\/person\\\/95a6aa0b2dfc7d60bd445135bd71f3bf\"},\"potentialAction\":[{\"@type\":\"SearchAction\",\"target\":{\"@type\":\"EntryPoint\",\"urlTemplate\":\"https:\\\/\\\/szemtanu.com\\\/en\\\/?s={search_term_string}\"},\"query-input\":{\"@type\":\"PropertyValueSpecification\",\"valueRequired\":true,\"valueName\":\"search_term_string\"}}],\"inLanguage\":\"en-US\"}]}<\/script>\n<!-- \/ Yoast SEO plugin. -->","yoast_head_json":{"title":"160514 Bori & Erwin - Fine Art esk\u00fcv\u0151i fot\u00f3z\u00e1s \u2013 Szab\u00f3 Zolt\u00e1n szemtan\u00fa","robots":{"index":"index","follow":"follow","max-snippet":"max-snippet:-1","max-image-preview":"max-image-preview:large","max-video-preview":"max-video-preview:-1"},"canonical":"https:\/\/szemtanu.com\/en\/160514-bori-erwin\/","og_locale":"en_US","og_type":"article","og_title":"160514 Bori & Erwin - Fine Art esk\u00fcv\u0151i fot\u00f3z\u00e1s \u2013 Szab\u00f3 Zolt\u00e1n szemtan\u00fa","og_description":"There is no excerpt because this is a protected post.","og_url":"https:\/\/szemtanu.com\/en\/160514-bori-erwin\/","og_site_name":"Fine Art esk\u00fcv\u0151i fot\u00f3z\u00e1s \u2013 Szab\u00f3 Zolt\u00e1n szemtan\u00fa","article_modified_time":"2016-06-08T06:49:22+00:00","schema":{"@context":"https:\/\/schema.org","@graph":[{"@type":"WebPage","@id":"https:\/\/szemtanu.com\/en\/160514-bori-erwin\/","url":"https:\/\/szemtanu.com\/en\/160514-bori-erwin\/","name":"160514 Bori & Erwin - Fine Art esk\u00fcv\u0151i fot\u00f3z\u00e1s \u2013 Szab\u00f3 Zolt\u00e1n szemtan\u00fa","isPartOf":{"@id":"https:\/\/szemtanu.com\/en\/#website"},"datePublished":"2016-06-08T06:27:13+00:00","dateModified":"2016-06-08T06:49:22+00:00","breadcrumb":{"@id":"https:\/\/szemtanu.com\/en\/160514-bori-erwin\/#breadcrumb"},"inLanguage":"en-US"},{"@type":"WebSite","@id":"https:\/\/szemtanu.com\/en\/#website","url":"https:\/\/szemtanu.com\/en\/","name":"Fine Art esk\u00fcv\u0151i fot\u00f3z\u00e1s \u2013 Szab\u00f3 Zolt\u00e1n szemtan\u00fa","description":"Pr\u00e9mium esk\u00fcv\u0151 fot\u00f3k d\u00edjnyertes esk\u00fcv\u0151i fot\u00f3st\u00f3l. Premium Fine Art Wedding Photography","publisher":{"@id":"https:\/\/szemtanu.com\/en\/#\/schema\/person\/95a6aa0b2dfc7d60bd445135bd71f3bf"},"potentialAction":[{"@type":"SearchAction","target":{"@type":"EntryPoint","urlTemplate":"https:\/\/szemtanu.com\/en\/?s={search_term_string}"},"query-input":{"@type":"PropertyValueSpecification","valueRequired":true,"valueName":"search_term_string"}}],"inLanguage":"en-US"}]}},"_links":{"self":[{"href":"https:\/\/szemtanu.com\/en\/wp-json\/wp\/v2\/pages\/11496","targetHints":{"allow":["GET"]}}],"collection":[{"href":"https:\/\/szemtanu.com\/en\/wp-json\/wp\/v2\/pages"}],"about":[{"href":"https:\/\/szemtanu.com\/en\/wp-json\/wp\/v2\/types\/page"}],"author":[{"embeddable":true,"href":"https:\/\/szemtanu.com\/en\/wp-json\/wp\/v2\/users\/2"}],"replies":[{"embeddable":true,"href":"https:\/\/szemtanu.com\/en\/wp-json\/wp\/v2\/comments?post=11496"}],"version-history":[{"count":3,"href":"https:\/\/szemtanu.com\/en\/wp-json\/wp\/v2\/pages\/11496\/revisions"}],"predecessor-version":[{"id":35426,"href":"https:\/\/szemtanu.com\/en\/wp-json\/wp\/v2\/pages\/11496\/revisions\/35426"}],"wp:attachment":[{"href":"https:\/\/szemtanu.com\/en\/wp-json\/wp\/v2\/media?parent=11496"}],"wp:term":[{"taxonomy":"category","embeddable":true,"href":"https:\/\/szemtanu.com\/en\/wp-json\/wp\/v2\/categories?post=11496"},{"taxonomy":"post_tag","embeddable":true,"href":"https:\/\/szemtanu.com\/en\/wp-json\/wp\/v2\/tags?post=11496"}],"curies":[{"name":"wp","href":"https:\/\/api.w.org\/{rel}","templated":true}]}}