{"id":10322,"date":"2016-01-06T19:00:42","date_gmt":"2016-01-06T17:00:42","guid":{"rendered":"https:\/\/szemtanu.com\/en\/?page_id=10322"},"modified":"2025-09-30T01:11:36","modified_gmt":"2025-09-29T23:11:36","slug":"light-story","status":"publish","type":"page","link":"https:\/\/szemtanu.com\/en\/zoltan-szabo\/light-story\/","title":{"rendered":"LOVE OF LIGHT"},"content":{"rendered":"\n<style type=\"text\/css\" data-created_by=\"avia_inline_auto\" id=\"style-css-av-av_section-774ebe22b8e0210b4fdf7e6cdaa51468\">\n.avia-section.av-av_section-774ebe22b8e0210b4fdf7e6cdaa51468 .av-parallax .av-parallax-inner{\nbackground-repeat:repeat-x;\nbackground-image:url(https:\/\/szemtanu.com\/wp-content\/uploads\/2016\/01\/home-hatter-1920x687.jpg);\nbackground-position:50% 50%;\nbackground-attachment:scroll;\n}\n<\/style>\n<div id='av_section_1'  class='avia-section av-av_section-774ebe22b8e0210b4fdf7e6cdaa51468 main_color avia-section-default avia-no-shadow  avia-builder-el-0  el_before_av_two_fifth  avia-builder-el-first  av-parallax-section avia-bg-style-parallax container_wrap fullsize'  data-section-bg-repeat='repeat-x'><div class='av-parallax' data-avia-parallax-ratio='0.3' ><div class='av-parallax-inner main_color '><\/div><\/div><div class='container av-section-cont-open' ><main  class='template-page content  av-content-full alpha units'><div class='post-entry post-entry-type-page post-entry-10322'><div class='entry-content-wrapper clearfix'>\n<section  class='av_textblock_section av-av_textblock-0366cc7376be6c9e82a3e9cc8987b64f '  ><div class='avia_textblock' ><h2 style=\"color: #ffffff; text-align: center;\">FINE ART WEDDING PHOTOGRAPHY<\/h2>\n<h5 style=\"color: #ffffff; text-align: center;\">AWARD WINNING PICTURES<\/h5>\n<\/div><\/section>\n<div  class='flex_column av-av_one_third-2a9015ff38129c418a3f2eafba3e9512 av_one_third  avia-builder-el-2  el_after_av_textblock  el_before_av_one_third  first flex_column_div  column-top-margin'     ><article  class='iconbox iconbox_top av-av_icon_box-606e7134d706eaf30cafb7077b8251db  avia-builder-el-3  avia-builder-el-no-sibling  main_color' ><div class=\"iconbox_content\"><header class=\"entry-content-header\" aria-label=\"Icon: CLEAN SHOTS\"><div class='iconbox_icon heading-color avia-iconfont avia-font-entypo-fontello' data-av_icon='\ue826' data-av_iconfont='entypo-fontello'  ><\/div><h3 class='iconbox_content_title ' >CLEAN SHOTS<\/h3><\/header><div class='iconbox_content_container ' ><p>My work is <strong>pure photojournalism<\/strong>. I attest to portray the event as a story, with report-like candid shots, portraits of people, as well as the surrounding environment.\u00a0There are no tricks in my work-before or after. You get<strong> real and<\/strong> <strong>honest memories<\/strong> which portray the emotions and the significant moments throughout the event in pictures rather than added effects or editing.<\/p>\n<\/div><\/div><footer class=\"entry-footer\"><\/footer><\/article><\/div>\n<style type=\"text\/css\" data-created_by=\"avia_inline_auto\" id=\"style-css-av-av_one_third-2a64de42b738552fe666ca889af77e28\">\n.flex_column.av-av_one_third-2a64de42b738552fe666ca889af77e28{\nborder-radius:0px 0px 0px 0px;\npadding:0px 0px 0px 0px;\n}\n<\/style>\n<div  class='flex_column av-av_one_third-2a64de42b738552fe666ca889af77e28 av_one_third  avia-builder-el-4  el_after_av_one_third  el_before_av_one_third  flex_column_div av-zero-column-padding  column-top-margin'     ><article  class='iconbox iconbox_top av-mg5qta99-9d16b446aed033566c8d86b6d8bd7d5f  avia-builder-el-5  avia-builder-el-no-sibling  main_color' ><div class=\"iconbox_content\"><header class=\"entry-content-header\" aria-label=\"Icon: PHOTO AWARDS\"><div class='iconbox_icon heading-color avia-iconfont avia-font-entypo-fontello' data-av_icon='\ue8a8' data-av_iconfont='entypo-fontello'  ><\/div><h3 class='iconbox_content_title ' >PHOTO AWARDS<\/h3><\/header><div class='iconbox_content_container ' ><p>I have been a member of the Association of Hungarian Fine Art Photographers, shown around fifty exhibits, have received numerous<strong> press photo, wedding photo <\/strong>and<strong> album awards<\/strong>, I am also a founding member of the prestigious wedding photographers\u2018 association, also known as Pillanart, as well as a travel workshop that I do while exploring exotic cultures with <a href=\"http:\/\/kincseskamera.hu\" target=\"_blank\" rel=\"noopener\">Kincseskamera<\/a>.<\/p>\n<\/div><\/div><footer class=\"entry-footer\"><\/footer><\/article><\/div>\n<style type=\"text\/css\" data-created_by=\"avia_inline_auto\" id=\"style-css-av-av_one_third-2a64de42b738552fe666ca889af77e28\">\n.flex_column.av-av_one_third-2a64de42b738552fe666ca889af77e28{\nborder-radius:0px 0px 0px 0px;\npadding:0px 0px 0px 0px;\n}\n<\/style>\n<div  class='flex_column av-av_one_third-2a64de42b738552fe666ca889af77e28 av_one_third  avia-builder-el-6  el_after_av_one_third  avia-builder-el-last  flex_column_div av-zero-column-padding  column-top-margin'     ><article  class='iconbox iconbox_top av-av_icon_box-c3aee012804ffece28e6cf356a87a1f6  avia-builder-el-7  avia-builder-el-no-sibling  main_color' ><div class=\"iconbox_content\"><header class=\"entry-content-header\" aria-label=\"Icon: MY WORKPLACE\"><div class='iconbox_icon heading-color avia-iconfont avia-font-entypo-fontello' data-av_icon='\ue8b1' data-av_iconfont='entypo-fontello'  ><\/div><h3 class='iconbox_content_title ' >MY WORKPLACE<\/h3><\/header><div class='iconbox_content_container ' ><p>I\u2019m happy to work and can travel anywhere in the world to photograph your big day. I am just as glad to work in a <strong>romantic country<\/strong> setting or at a <strong>trendy city event<\/strong>. I have had more requests to work in Austria recently but have also been asked to work at exotic ceremonies in London or Teheran in the past. My <strong>English<\/strong>, <strong>German<\/strong>, <strong>Spanish<\/strong> and <strong>Russian<\/strong> knowledge have always come in handy during my destination work.<\/p>\n<\/div><\/div><footer class=\"entry-footer\"><\/footer><\/article><\/div><\/div><\/div><\/main><!-- close content main element --><\/div><\/div><div id='after_section_1'  class='main_color av_default_container_wrap container_wrap fullsize'  ><div class='container av-section-cont-open' ><div class='template-page content  av-content-full alpha units'><div class='post-entry post-entry-type-page post-entry-10322'><div class='entry-content-wrapper clearfix'>\n<style type=\"text\/css\" data-created_by=\"avia_inline_auto\" id=\"style-css-av-av_two_fifth-352b07ef7d3bc99b2e9f92e7a9e06bdb\">\n.flex_column.av-av_two_fifth-352b07ef7d3bc99b2e9f92e7a9e06bdb{\nborder-radius:0px 0px 0px 0px;\npadding:0px 0px 0px 0px;\n}\n<\/style>\n<div  class='flex_column av-av_two_fifth-352b07ef7d3bc99b2e9f92e7a9e06bdb av_two_fifth  avia-builder-el-8  el_after_av_section  el_before_av_three_fifth  avia-builder-el-first  first flex_column_div av-zero-column-padding  '     ><style type=\"text\/css\" data-created_by=\"avia_inline_auto\" id=\"style-css-av-av_image-1cafc2c0ce83f5d9e768c102b8b362fe\">\n.avia-image-container.av-av_image-1cafc2c0ce83f5d9e768c102b8b362fe img.avia_image{\nbox-shadow:none;\n}\n.avia-image-container.av-av_image-1cafc2c0ce83f5d9e768c102b8b362fe .av-image-caption-overlay-center{\ncolor:#ffffff;\n}\n<\/style>\n<div  class='avia-image-container av-av_image-1cafc2c0ce83f5d9e768c102b8b362fe av-styling- avia-align-center  avia-builder-el-9  avia-builder-el-no-sibling '  ><div class=\"avia-image-container-inner\"><div class=\"avia-image-overlay-wrap\"><img decoding=\"async\" fetchpriority=\"high\" class='wp-image-9826 avia-img-lazy-loading-not-9826 avia_image ' src=\"https:\/\/szemtanu.com\/wp-content\/uploads\/2016\/01\/szabo-zoltan-fotografus-szemtanu-kincseskamera.jpg\" alt='' title='esk\u00fcv\u0151i fot\u00f3,\u00a0esk\u00fcv\u0151 fot\u00f3s,\u00a0esk\u00fcv\u0151i fot\u00f3s,\u00a0kreat\u00edv'  height=\"1000\" width=\"732\" srcset=\"https:\/\/szemtanu.com\/wp-content\/uploads\/2016\/01\/szabo-zoltan-fotografus-szemtanu-kincseskamera.jpg 732w, https:\/\/szemtanu.com\/wp-content\/uploads\/2016\/01\/szabo-zoltan-fotografus-szemtanu-kincseskamera-220x300.jpg 220w, https:\/\/szemtanu.com\/wp-content\/uploads\/2016\/01\/szabo-zoltan-fotografus-szemtanu-kincseskamera-516x705.jpg 516w, https:\/\/szemtanu.com\/wp-content\/uploads\/2016\/01\/szabo-zoltan-fotografus-szemtanu-kincseskamera-450x615.jpg 450w\" sizes=\"(max-width: 732px) 100vw, 732px\" \/><\/div><\/div><\/div><\/div><\/p>\n\n<style type=\"text\/css\" data-created_by=\"avia_inline_auto\" id=\"style-css-av-av_three_fifth-2a64de42b738552fe666ca889af77e28\">\n.flex_column.av-av_three_fifth-2a64de42b738552fe666ca889af77e28{\nborder-radius:0px 0px 0px 0px;\npadding:0px 0px 0px 0px;\n}\n<\/style>\n<div  class='flex_column av-av_three_fifth-2a64de42b738552fe666ca889af77e28 av_three_fifth  avia-builder-el-10  el_after_av_two_fifth  el_before_av_section  avia-builder-el-last  flex_column_div av-zero-column-padding  '     ><section  class='av_textblock_section av-av_textblock-0366cc7376be6c9e82a3e9cc8987b64f '  ><div class='avia_textblock' ><h3 style=\"letter-spacing: 1px; text-transform: uppercase; font-size: 16px; color: #222222; line-height: 1.1em; text-align: left;\">LOVE OF LIGHT<br \/>\nMy affair with photography<\/h3>\n<p>Our romance was actually not love at first sight.<\/p>\n<p>However, the two of us used to spend the university summer breaks one after another in each other\u2019s (travelling) company, as I started to visit Asia frequently, and I always squeezed a camera in my backpack. Thank God, our drawn-out first dates were surrounded by exotic scenery: the Himalayas with the Indus, the silent Taklimakan, Persia of One Thousand and One Nights and later on the Wild East, the Lake Baikal.<\/p>\n<p>Idyllic years followed \u2013 from the fourth Siberian trip, I returned with a collection ready to be exhibited, and also with gradually maturing decision. On the day after my graduation ceremony, I broke with the idea of being an economist once and for all, as I perceived that we should rather go on together with photography. Our engagement took place in the land of the Mayas, in Guatemala \u2013 where I dipped myself up to my ears in their colours, and devotion was simply growing steadily inside me.<\/p>\n<p>The obvious sequel did not fail to come about. I know, \u201cthose papers do not matter\u201d, still our marriage was officially sanctioned by the Association of Hungarian Fine Art Photographers and the National Association of Hungarian Artists. For this occasion, we discretely dressed in black and white, and did not even sense the lack of other colours during our honeymoon in Western Tibet.<\/p>\n<p>Irrevocably, we decided to keep our relationship going through photography and with that, we became inseparable. Our relationship has since blossomed into a twenty-five year old affair and has included about fifty exhibits, several publicized photo albums, prestigious photo awards, we established the Pillanart Wedding Photographer\u2019s Association, and are proud to be able to say; we have been able to tell the story of more than 200 wedding up to date. Aside from all of this, I am happy to say that the on-the-road photo workshops abroad have also begun to flourish in our lives and with them more exoticness has been brought to this long-lasting relationship with the addition of\u00a0 Kincseskamera.<\/p>\n<\/div><\/section><\/div>\n<\/div><\/div><\/div><!-- close content main div --><\/div><\/div><div id='av_section_2'  class='avia-section av-av_section-7287b481ed3caa46b8b324749fc3cef1 main_color avia-section-no-padding avia-no-shadow  avia-builder-el-12  el_after_av_three_fifth  avia-builder-el-last  avia-bg-style-scroll container_wrap fullsize'  ><div class='container av-section-cont-open' ><div class='template-page content  av-content-full alpha units'><div class='post-entry post-entry-type-page post-entry-10322'><div class='entry-content-wrapper clearfix'>\n<div  class='avia-logo-element-container av-mg5qsi6y-eaaf313195f0418efaba9edc0e2039be av-border-deactivate avia-logo-slider avia-content-slider avia-smallarrow-slider avia-content-slider-active noHover avia-content-slider-even  avia-builder-el-13  avia-builder-el-no-sibling  av-slideshow-ui av-control-hidden av-nav-arrows-visible av-nav-dots-visible av-no-slider-navigation av-hide-nav-arrows av-slideshow-manual av-loop-once av-loop-manual-endless avia-content-slider1' data-slideshow-options=\"{&quot;animation&quot;:&quot;slide&quot;,&quot;autoplay&quot;:false,&quot;loop_autoplay&quot;:&quot;once&quot;,&quot;interval&quot;:5,&quot;loop_manual&quot;:&quot;manual-endless&quot;,&quot;autoplay_stopper&quot;:false,&quot;noNavigation&quot;:true,&quot;bg_slider&quot;:false,&quot;keep_padding&quot;:&quot;&quot;,&quot;hoverpause&quot;:false,&quot;show_slide_delay&quot;:0}\"><div class='avia-smallarrow-slider-heading  no-logo-slider-heading '><\/div><div class=\"avia-content-slider-inner\"><div class=\"slide-entry-wrap\"><div  class='slide-entry av-av_partner_logo-c9a276e7c08334d5f1cb95fccc589058 flex_column no_margin av_one_fourth real-thumbnail post-entry slide-entry-overview slide-loop-1 slide-parity-odd  first'><span class='av-partner-fake-img' style='padding-bottom:49.509803921569%; background-image:url(https:\/\/szemtanu.com\/wp-content\/uploads\/2014\/07\/ures_partnerlogo1.png);'><\/span><\/div><div  class='slide-entry av-mg5qshq3-88b9c51a66bcac48b6925ed2403dc47a flex_column no_margin av_one_fourth real-thumbnail post-entry slide-entry-overview slide-loop-2 slide-parity-even  '><span class='av-partner-fake-img' style='padding-bottom:49.509803921569%; background-image:url(https:\/\/szemtanu.com\/wp-content\/uploads\/2014\/07\/pillanart_logo_monokrom204x101-1.png);'><\/span><\/div><div  class='slide-entry av-av_partner_logo-c97766906700414eb0bd8fced4d37f72 flex_column no_margin av_one_fourth real-thumbnail post-entry slide-entry-overview slide-loop-3 slide-parity-odd  '><a href=\"http:\/\/kincseskamera.hu\/\" data-rel='slide-1' class='slide-image' title='' ><span class='av-partner-fake-img' style='padding-bottom:49.509803921569%; background-image:url(https:\/\/szemtanu.com\/wp-content\/uploads\/2014\/07\/kincses_logo_monokrom204x101-1.png);'><\/span><\/a><\/div><div  class='slide-entry av-av_partner_logo-c9a276e7c08334d5f1cb95fccc589058 flex_column no_margin av_one_fourth real-thumbnail post-entry slide-entry-overview slide-loop-4 slide-parity-even post-entry-last '><span class='av-partner-fake-img' style='padding-bottom:49.509803921569%; background-image:url(https:\/\/szemtanu.com\/wp-content\/uploads\/2014\/07\/ures_partnerlogo1.png);'><\/span><\/div><\/div><\/div><\/div>\n\n","protected":false},"excerpt":{"rendered":"","protected":false},"author":2,"featured_media":0,"parent":9308,"menu_order":0,"comment_status":"open","ping_status":"open","template":"","meta":{"footnotes":""},"categories":[],"tags":[],"class_list":["post-10322","page","type-page","status-publish","hentry"],"yoast_head":"<!-- This site is optimized with the Yoast SEO plugin v27.3 - https:\/\/yoast.com\/product\/yoast-seo-wordpress\/ -->\n<title>LOVE OF LIGHT - Fine Art esk\u00fcv\u0151i fot\u00f3z\u00e1s \u2013 Szab\u00f3 Zolt\u00e1n szemtan\u00fa<\/title>\n<meta name=\"robots\" content=\"index, follow, max-snippet:-1, max-image-preview:large, max-video-preview:-1\" \/>\n<link rel=\"canonical\" href=\"https:\/\/szemtanu.com\/en\/zoltan-szabo\/light-story\/\" \/>\n<meta property=\"og:locale\" content=\"en_US\" \/>\n<meta property=\"og:type\" content=\"article\" \/>\n<meta property=\"og:title\" content=\"LOVE OF LIGHT - Fine Art esk\u00fcv\u0151i fot\u00f3z\u00e1s \u2013 Szab\u00f3 Zolt\u00e1n szemtan\u00fa\" \/>\n<meta property=\"og:url\" content=\"https:\/\/szemtanu.com\/en\/zoltan-szabo\/light-story\/\" \/>\n<meta property=\"og:site_name\" content=\"Fine Art esk\u00fcv\u0151i fot\u00f3z\u00e1s \u2013 Szab\u00f3 Zolt\u00e1n szemtan\u00fa\" \/>\n<meta property=\"article:modified_time\" content=\"2025-09-29T23:11:36+00:00\" \/>\n<meta name=\"twitter:label1\" content=\"Est. reading time\" \/>\n\t<meta name=\"twitter:data1\" content=\"4 minutes\" \/>\n<script type=\"application\/ld+json\" class=\"yoast-schema-graph\">{\"@context\":\"https:\\\/\\\/schema.org\",\"@graph\":[{\"@type\":\"WebPage\",\"@id\":\"https:\\\/\\\/szemtanu.com\\\/en\\\/zoltan-szabo\\\/light-story\\\/\",\"url\":\"https:\\\/\\\/szemtanu.com\\\/en\\\/zoltan-szabo\\\/light-story\\\/\",\"name\":\"LOVE OF LIGHT - Fine Art esk\u00fcv\u0151i fot\u00f3z\u00e1s \u2013 Szab\u00f3 Zolt\u00e1n szemtan\u00fa\",\"isPartOf\":{\"@id\":\"https:\\\/\\\/szemtanu.com\\\/en\\\/#website\"},\"datePublished\":\"2016-01-06T17:00:42+00:00\",\"dateModified\":\"2025-09-29T23:11:36+00:00\",\"breadcrumb\":{\"@id\":\"https:\\\/\\\/szemtanu.com\\\/en\\\/zoltan-szabo\\\/light-story\\\/#breadcrumb\"},\"inLanguage\":\"en-US\",\"potentialAction\":[{\"@type\":\"ReadAction\",\"target\":[\"https:\\\/\\\/szemtanu.com\\\/en\\\/zoltan-szabo\\\/light-story\\\/\"]}]},{\"@type\":\"BreadcrumbList\",\"@id\":\"https:\\\/\\\/szemtanu.com\\\/en\\\/zoltan-szabo\\\/light-story\\\/#breadcrumb\",\"itemListElement\":[{\"@type\":\"ListItem\",\"position\":1,\"name\":\"Kezd\u0151lap\",\"item\":\"https:\\\/\\\/szemtanu.com\\\/en\\\/test-home\\\/\"},{\"@type\":\"ListItem\",\"position\":2,\"name\":\"About\",\"item\":\"https:\\\/\\\/szemtanu.com\\\/en\\\/zoltan-szabo\\\/\"},{\"@type\":\"ListItem\",\"position\":3,\"name\":\"LOVE OF LIGHT\"}]},{\"@type\":\"WebSite\",\"@id\":\"https:\\\/\\\/szemtanu.com\\\/en\\\/#website\",\"url\":\"https:\\\/\\\/szemtanu.com\\\/en\\\/\",\"name\":\"Fine Art esk\u00fcv\u0151i fot\u00f3z\u00e1s \u2013 Szab\u00f3 Zolt\u00e1n szemtan\u00fa\",\"description\":\"Pr\u00e9mium esk\u00fcv\u0151 fot\u00f3k d\u00edjnyertes esk\u00fcv\u0151i fot\u00f3st\u00f3l. Premium Fine Art Wedding Photography\",\"publisher\":{\"@id\":\"https:\\\/\\\/szemtanu.com\\\/en\\\/#\\\/schema\\\/person\\\/95a6aa0b2dfc7d60bd445135bd71f3bf\"},\"potentialAction\":[{\"@type\":\"SearchAction\",\"target\":{\"@type\":\"EntryPoint\",\"urlTemplate\":\"https:\\\/\\\/szemtanu.com\\\/en\\\/?s={search_term_string}\"},\"query-input\":{\"@type\":\"PropertyValueSpecification\",\"valueRequired\":true,\"valueName\":\"search_term_string\"}}],\"inLanguage\":\"en-US\"},{\"@type\":[\"Person\",\"Organization\"],\"@id\":\"https:\\\/\\\/szemtanu.com\\\/en\\\/#\\\/schema\\\/person\\\/95a6aa0b2dfc7d60bd445135bd71f3bf\",\"name\":\"Szab\u00f3 Zolt\u00e1n\",\"image\":{\"@type\":\"ImageObject\",\"inLanguage\":\"en-US\",\"@id\":\"https:\\\/\\\/secure.gravatar.com\\\/avatar\\\/00701ebf8226addf5e53f971815aaed48e033b305526a3e7e8d91a2e553141ca?s=96&d=mm&r=g\",\"url\":\"https:\\\/\\\/secure.gravatar.com\\\/avatar\\\/00701ebf8226addf5e53f971815aaed48e033b305526a3e7e8d91a2e553141ca?s=96&d=mm&r=g\",\"contentUrl\":\"https:\\\/\\\/secure.gravatar.com\\\/avatar\\\/00701ebf8226addf5e53f971815aaed48e033b305526a3e7e8d91a2e553141ca?s=96&d=mm&r=g\",\"caption\":\"Szab\u00f3 Zolt\u00e1n\"},\"logo\":{\"@id\":\"https:\\\/\\\/secure.gravatar.com\\\/avatar\\\/00701ebf8226addf5e53f971815aaed48e033b305526a3e7e8d91a2e553141ca?s=96&d=mm&r=g\"}}]}<\/script>\n<!-- \/ Yoast SEO plugin. -->","yoast_head_json":{"title":"LOVE OF LIGHT - Fine Art esk\u00fcv\u0151i fot\u00f3z\u00e1s \u2013 Szab\u00f3 Zolt\u00e1n szemtan\u00fa","robots":{"index":"index","follow":"follow","max-snippet":"max-snippet:-1","max-image-preview":"max-image-preview:large","max-video-preview":"max-video-preview:-1"},"canonical":"https:\/\/szemtanu.com\/en\/zoltan-szabo\/light-story\/","og_locale":"en_US","og_type":"article","og_title":"LOVE OF LIGHT - Fine Art esk\u00fcv\u0151i fot\u00f3z\u00e1s \u2013 Szab\u00f3 Zolt\u00e1n szemtan\u00fa","og_url":"https:\/\/szemtanu.com\/en\/zoltan-szabo\/light-story\/","og_site_name":"Fine Art esk\u00fcv\u0151i fot\u00f3z\u00e1s \u2013 Szab\u00f3 Zolt\u00e1n szemtan\u00fa","article_modified_time":"2025-09-29T23:11:36+00:00","twitter_misc":{"Est. reading time":"4 minutes"},"schema":{"@context":"https:\/\/schema.org","@graph":[{"@type":"WebPage","@id":"https:\/\/szemtanu.com\/en\/zoltan-szabo\/light-story\/","url":"https:\/\/szemtanu.com\/en\/zoltan-szabo\/light-story\/","name":"LOVE OF LIGHT - Fine Art esk\u00fcv\u0151i fot\u00f3z\u00e1s \u2013 Szab\u00f3 Zolt\u00e1n szemtan\u00fa","isPartOf":{"@id":"https:\/\/szemtanu.com\/en\/#website"},"datePublished":"2016-01-06T17:00:42+00:00","dateModified":"2025-09-29T23:11:36+00:00","breadcrumb":{"@id":"https:\/\/szemtanu.com\/en\/zoltan-szabo\/light-story\/#breadcrumb"},"inLanguage":"en-US","potentialAction":[{"@type":"ReadAction","target":["https:\/\/szemtanu.com\/en\/zoltan-szabo\/light-story\/"]}]},{"@type":"BreadcrumbList","@id":"https:\/\/szemtanu.com\/en\/zoltan-szabo\/light-story\/#breadcrumb","itemListElement":[{"@type":"ListItem","position":1,"name":"Kezd\u0151lap","item":"https:\/\/szemtanu.com\/en\/test-home\/"},{"@type":"ListItem","position":2,"name":"About","item":"https:\/\/szemtanu.com\/en\/zoltan-szabo\/"},{"@type":"ListItem","position":3,"name":"LOVE OF LIGHT"}]},{"@type":"WebSite","@id":"https:\/\/szemtanu.com\/en\/#website","url":"https:\/\/szemtanu.com\/en\/","name":"Fine Art esk\u00fcv\u0151i fot\u00f3z\u00e1s \u2013 Szab\u00f3 Zolt\u00e1n szemtan\u00fa","description":"Pr\u00e9mium esk\u00fcv\u0151 fot\u00f3k d\u00edjnyertes esk\u00fcv\u0151i fot\u00f3st\u00f3l. Premium Fine Art Wedding Photography","publisher":{"@id":"https:\/\/szemtanu.com\/en\/#\/schema\/person\/95a6aa0b2dfc7d60bd445135bd71f3bf"},"potentialAction":[{"@type":"SearchAction","target":{"@type":"EntryPoint","urlTemplate":"https:\/\/szemtanu.com\/en\/?s={search_term_string}"},"query-input":{"@type":"PropertyValueSpecification","valueRequired":true,"valueName":"search_term_string"}}],"inLanguage":"en-US"},{"@type":["Person","Organization"],"@id":"https:\/\/szemtanu.com\/en\/#\/schema\/person\/95a6aa0b2dfc7d60bd445135bd71f3bf","name":"Szab\u00f3 Zolt\u00e1n","image":{"@type":"ImageObject","inLanguage":"en-US","@id":"https:\/\/secure.gravatar.com\/avatar\/00701ebf8226addf5e53f971815aaed48e033b305526a3e7e8d91a2e553141ca?s=96&d=mm&r=g","url":"https:\/\/secure.gravatar.com\/avatar\/00701ebf8226addf5e53f971815aaed48e033b305526a3e7e8d91a2e553141ca?s=96&d=mm&r=g","contentUrl":"https:\/\/secure.gravatar.com\/avatar\/00701ebf8226addf5e53f971815aaed48e033b305526a3e7e8d91a2e553141ca?s=96&d=mm&r=g","caption":"Szab\u00f3 Zolt\u00e1n"},"logo":{"@id":"https:\/\/secure.gravatar.com\/avatar\/00701ebf8226addf5e53f971815aaed48e033b305526a3e7e8d91a2e553141ca?s=96&d=mm&r=g"}}]}},"_links":{"self":[{"href":"https:\/\/szemtanu.com\/en\/wp-json\/wp\/v2\/pages\/10322","targetHints":{"allow":["GET"]}}],"collection":[{"href":"https:\/\/szemtanu.com\/en\/wp-json\/wp\/v2\/pages"}],"about":[{"href":"https:\/\/szemtanu.com\/en\/wp-json\/wp\/v2\/types\/page"}],"author":[{"embeddable":true,"href":"https:\/\/szemtanu.com\/en\/wp-json\/wp\/v2\/users\/2"}],"replies":[{"embeddable":true,"href":"https:\/\/szemtanu.com\/en\/wp-json\/wp\/v2\/comments?post=10322"}],"version-history":[{"count":18,"href":"https:\/\/szemtanu.com\/en\/wp-json\/wp\/v2\/pages\/10322\/revisions"}],"predecessor-version":[{"id":35768,"href":"https:\/\/szemtanu.com\/en\/wp-json\/wp\/v2\/pages\/10322\/revisions\/35768"}],"up":[{"embeddable":true,"href":"https:\/\/szemtanu.com\/en\/wp-json\/wp\/v2\/pages\/9308"}],"wp:attachment":[{"href":"https:\/\/szemtanu.com\/en\/wp-json\/wp\/v2\/media?parent=10322"}],"wp:term":[{"taxonomy":"category","embeddable":true,"href":"https:\/\/szemtanu.com\/en\/wp-json\/wp\/v2\/categories?post=10322"},{"taxonomy":"post_tag","embeddable":true,"href":"https:\/\/szemtanu.com\/en\/wp-json\/wp\/v2\/tags?post=10322"}],"curies":[{"name":"wp","href":"https:\/\/api.w.org\/{rel}","templated":true}]}}